{"id":11595,"date":"2026-02-13T16:50:31","date_gmt":"2026-02-13T15:50:31","guid":{"rendered":"https:\/\/edizionisuigeneris.it\/?post_type=product&#038;p=11595"},"modified":"2026-03-26T17:30:47","modified_gmt":"2026-03-26T16:30:47","slug":"mother-of-learning","status":"publish","type":"product","link":"https:\/\/edizionisuigeneris.it\/en\/product\/mother-of-learning\/","title":{"rendered":"Mother of Learning"},"content":{"rendered":"<p>Zorian Kazinski ha tutto il tempo del mondo per diventare un grande mago, e ha intenzione di approfittarne appieno. Zorian \u00e8 un giovane mago al terzo anno dell\u2019Accademia di Cyoria, non \u00e8 un prodigio, ma compensa con disciplina e tenacia. Freddo, introverso e deciso a costruirsi un futuro lontano dall\u2019ombra della famiglia, che ha sempre favorito i suoi fratelli. Non ha tempo da perdere in inutili distrazioni sociali n\u00e9 con i problemi degli altri, ma il tempo a breve non sar\u00e0 pi\u00f9 un suo problema. Alla vigilia del festival estivo viene assassinato e si risveglia a casa sua, a Cirin, come se quel mese non fosse mai passato. Intrappolato in un loop senza fine n\u00e9 via d\u2019uscita, dovr\u00e0 rivalutare le decisioni prese e le sue azioni per svelare il mistero in cui \u00e8 caduto. Deve farlo, perch\u00e9 il loop non \u00e8 stato creato per lui e in un mondo dominato dalla magia nemmeno un viaggiatore nel tempo \u00e8 al sicuro da chi gli d\u00e0 la caccia. Per sopravvivere dovr\u00e0 imparare, crescere, cambiare.<\/p>\n<p>Per fortuna, la ripetizione \u00e8 la madre dell\u2019apprendimento\u2026<\/p>\n<p><strong>Romanzo Top Rated di Royal Road, finalmente disponibile\u00a0in\u00a0italiano!<\/strong><\/p>\n<p><strong>Un adattamento anime \u00e8 in corso di produzione per lo studio Tiger animation, noto per aver lavorato a<em> Castlevania<\/em>, <em>Avatar the last airbender<\/em>e <em>Invincible<\/em>.<\/strong><\/p>","protected":false},"excerpt":{"rendered":"<p>Mother of Learning \u00e8 un romanzo fantasy con loop temporale che segue Zorian Kazinski, apprendista mago intrappolato in un mese che si ripete all\u2019infinito. Tra intrighi, magia avanzata e crescita personale, Zorian sfrutta la ripetizione per diventare pi\u00f9 potente e scoprire la verit\u00e0 dietro il ciclo. Un fantasy intelligente e avvincente, amatissimo su Royal Road e ora disponibile in italiano, perfetto per chi cerca una storia di magia, strategia e progressione.<\/p>","protected":false},"featured_media":11597,"template":"","meta":{"_acf_changed":false},"product_brand":[],"product_cat":[281,284,274],"product_tag":[382,381],"collana":[277],"genere_letterario":[],"class_list":{"0":"post-11595","1":"product","2":"type-product","3":"status-publish","4":"has-post-thumbnail","6":"product_cat-libri","7":"product_cat-narrativa-straniera","8":"product_cat-novita","9":"product_tag-epic-fantasy","10":"product_tag-fantasy","11":"collana-verne-to-the-moon-and-back","13":"first","14":"instock","15":"taxable","16":"shipping-taxable","17":"purchasable","18":"product-type-simple"},"acf":[],"yoast_head":"<!-- This site is optimized with the Yoast SEO plugin v27.6 - https:\/\/yoast.com\/product\/yoast-seo-wordpress\/ -->\n<title>Mother of Learning - SuiGeneris Edizioni<\/title>\n<meta name=\"description\" content=\"Zorian Kazinski, giovane mago dell\u2019Accademia di Cyoria, viene ucciso alla vigilia del festival estivo e si risveglia intrappolato in un loop temporale infinito. Per sopravvivere dovr\u00e0 padroneggiare la magia, svelare un oscuro complotto e diventare pi\u00f9 forte a ogni ripetizione. Il romanzo fantasy cult di Royal Road, ora disponibile in italiano.\" \/>\n<meta name=\"robots\" content=\"index, follow, max-snippet:-1, max-image-preview:large, max-video-preview:-1\" \/>\n<link rel=\"canonical\" href=\"https:\/\/edizionisuigeneris.it\/en\/product\/mother-of-learning\/\" \/>\n<meta property=\"og:locale\" content=\"en_US\" \/>\n<meta property=\"og:type\" content=\"article\" \/>\n<meta property=\"og:title\" content=\"Mother of Learning - SuiGeneris Edizioni\" \/>\n<meta property=\"og:description\" content=\"Zorian Kazinski, giovane mago dell\u2019Accademia di Cyoria, viene ucciso alla vigilia del festival estivo e si risveglia intrappolato in un loop temporale infinito. Per sopravvivere dovr\u00e0 padroneggiare la magia, svelare un oscuro complotto e diventare pi\u00f9 forte a ogni ripetizione. Il romanzo fantasy cult di Royal Road, ora disponibile in italiano.\" \/>\n<meta property=\"og:url\" content=\"https:\/\/edizionisuigeneris.it\/en\/product\/mother-of-learning\/\" \/>\n<meta property=\"og:site_name\" content=\"SuiGeneris Edizioni\" \/>\n<meta property=\"article:publisher\" content=\"https:\/\/www.facebook.com\/SuiGeneriseditore\" \/>\n<meta property=\"article:modified_time\" content=\"2026-03-26T16:30:47+00:00\" \/>\n<meta property=\"og:image\" content=\"https:\/\/edizionisuigeneris.it\/wp-content\/uploads\/2026\/02\/copertina-ombra_mother-sito.png\" \/>\n\t<meta property=\"og:image:width\" content=\"800\" \/>\n\t<meta property=\"og:image:height\" content=\"1200\" \/>\n\t<meta property=\"og:image:type\" content=\"image\/png\" \/>\n<meta name=\"twitter:card\" content=\"summary_large_image\" \/>\n<meta name=\"twitter:label1\" content=\"Est. reading time\" \/>\n\t<meta name=\"twitter:data1\" content=\"2 minutes\" \/>\n<script type=\"application\/ld+json\" class=\"yoast-schema-graph\">{\"@context\":\"https:\\\/\\\/schema.org\",\"@graph\":[{\"@type\":\"WebPage\",\"@id\":\"https:\\\/\\\/edizionisuigeneris.it\\\/prodotto\\\/mother-of-learning\\\/\",\"url\":\"https:\\\/\\\/edizionisuigeneris.it\\\/prodotto\\\/mother-of-learning\\\/\",\"name\":\"Mother of Learning - SuiGeneris Edizioni\",\"isPartOf\":{\"@id\":\"https:\\\/\\\/edizionisuigeneris.it\\\/#website\"},\"primaryImageOfPage\":{\"@id\":\"https:\\\/\\\/edizionisuigeneris.it\\\/prodotto\\\/mother-of-learning\\\/#primaryimage\"},\"image\":{\"@id\":\"https:\\\/\\\/edizionisuigeneris.it\\\/prodotto\\\/mother-of-learning\\\/#primaryimage\"},\"thumbnailUrl\":\"https:\\\/\\\/edizionisuigeneris.it\\\/wp-content\\\/uploads\\\/2026\\\/02\\\/copertina-ombra_mother-sito.png\",\"datePublished\":\"2026-02-13T15:50:31+00:00\",\"dateModified\":\"2026-03-26T16:30:47+00:00\",\"description\":\"Zorian Kazinski, giovane mago dell\u2019Accademia di Cyoria, viene ucciso alla vigilia del festival estivo e si risveglia intrappolato in un loop temporale infinito. Per sopravvivere dovr\u00e0 padroneggiare la magia, svelare un oscuro complotto e diventare pi\u00f9 forte a ogni ripetizione. Il romanzo fantasy cult di Royal Road, ora disponibile in italiano.\",\"breadcrumb\":{\"@id\":\"https:\\\/\\\/edizionisuigeneris.it\\\/prodotto\\\/mother-of-learning\\\/#breadcrumb\"},\"inLanguage\":\"en-US\",\"potentialAction\":[{\"@type\":\"ReadAction\",\"target\":[\"https:\\\/\\\/edizionisuigeneris.it\\\/prodotto\\\/mother-of-learning\\\/\"]}]},{\"@type\":\"ImageObject\",\"inLanguage\":\"en-US\",\"@id\":\"https:\\\/\\\/edizionisuigeneris.it\\\/prodotto\\\/mother-of-learning\\\/#primaryimage\",\"url\":\"https:\\\/\\\/edizionisuigeneris.it\\\/wp-content\\\/uploads\\\/2026\\\/02\\\/copertina-ombra_mother-sito.png\",\"contentUrl\":\"https:\\\/\\\/edizionisuigeneris.it\\\/wp-content\\\/uploads\\\/2026\\\/02\\\/copertina-ombra_mother-sito.png\",\"width\":800,\"height\":1200,\"caption\":\"Progressive fantasy\"},{\"@type\":\"BreadcrumbList\",\"@id\":\"https:\\\/\\\/edizionisuigeneris.it\\\/prodotto\\\/mother-of-learning\\\/#breadcrumb\",\"itemListElement\":[{\"@type\":\"ListItem\",\"position\":1,\"name\":\"HOME\",\"item\":\"https:\\\/\\\/edizionisuigeneris.it\\\/\"},{\"@type\":\"ListItem\",\"position\":2,\"name\":\"Catalogo\",\"item\":\"https:\\\/\\\/edizionisuigeneris.it\\\/catalogo\\\/\"},{\"@type\":\"ListItem\",\"position\":3,\"name\":\"Mother of Learning\"}]},{\"@type\":\"WebSite\",\"@id\":\"https:\\\/\\\/edizionisuigeneris.it\\\/#website\",\"url\":\"https:\\\/\\\/edizionisuigeneris.it\\\/\",\"name\":\"SuiGeneris\",\"description\":\"Casa editrice indipendente di Torino\",\"publisher\":{\"@id\":\"https:\\\/\\\/edizionisuigeneris.it\\\/#organization\"},\"potentialAction\":[{\"@type\":\"SearchAction\",\"target\":{\"@type\":\"EntryPoint\",\"urlTemplate\":\"https:\\\/\\\/edizionisuigeneris.it\\\/?s={search_term_string}\"},\"query-input\":{\"@type\":\"PropertyValueSpecification\",\"valueRequired\":true,\"valueName\":\"search_term_string\"}}],\"inLanguage\":\"en-US\"},{\"@type\":\"Organization\",\"@id\":\"https:\\\/\\\/edizionisuigeneris.it\\\/#organization\",\"name\":\"SuiGeneris\",\"url\":\"https:\\\/\\\/edizionisuigeneris.it\\\/\",\"logo\":{\"@type\":\"ImageObject\",\"inLanguage\":\"en-US\",\"@id\":\"https:\\\/\\\/edizionisuigeneris.it\\\/#\\\/schema\\\/logo\\\/image\\\/\",\"url\":\"\",\"contentUrl\":\"\",\"caption\":\"SuiGeneris\"},\"image\":{\"@id\":\"https:\\\/\\\/edizionisuigeneris.it\\\/#\\\/schema\\\/logo\\\/image\\\/\"},\"sameAs\":[\"https:\\\/\\\/www.facebook.com\\\/SuiGeneriseditore\",\"https:\\\/\\\/www.instagram.com\\\/suigenerislibri\\\/\"]}]}<\/script>\n<!-- \/ Yoast SEO plugin. -->","yoast_head_json":{"title":"Mother of Learning - SuiGeneris Edizioni","description":"Zorian Kazinski, giovane mago dell\u2019Accademia di Cyoria, viene ucciso alla vigilia del festival estivo e si risveglia intrappolato in un loop temporale infinito. Per sopravvivere dovr\u00e0 padroneggiare la magia, svelare un oscuro complotto e diventare pi\u00f9 forte a ogni ripetizione. Il romanzo fantasy cult di Royal Road, ora disponibile in italiano.","robots":{"index":"index","follow":"follow","max-snippet":"max-snippet:-1","max-image-preview":"max-image-preview:large","max-video-preview":"max-video-preview:-1"},"canonical":"https:\/\/edizionisuigeneris.it\/en\/product\/mother-of-learning\/","og_locale":"en_US","og_type":"article","og_title":"Mother of Learning - SuiGeneris Edizioni","og_description":"Zorian Kazinski, giovane mago dell\u2019Accademia di Cyoria, viene ucciso alla vigilia del festival estivo e si risveglia intrappolato in un loop temporale infinito. Per sopravvivere dovr\u00e0 padroneggiare la magia, svelare un oscuro complotto e diventare pi\u00f9 forte a ogni ripetizione. Il romanzo fantasy cult di Royal Road, ora disponibile in italiano.","og_url":"https:\/\/edizionisuigeneris.it\/en\/product\/mother-of-learning\/","og_site_name":"SuiGeneris Edizioni","article_publisher":"https:\/\/www.facebook.com\/SuiGeneriseditore","article_modified_time":"2026-03-26T16:30:47+00:00","og_image":[{"width":800,"height":1200,"url":"https:\/\/edizionisuigeneris.it\/wp-content\/uploads\/2026\/02\/copertina-ombra_mother-sito.png","type":"image\/png"}],"twitter_card":"summary_large_image","twitter_misc":{"Est. reading time":"2 minutes"},"schema":{"@context":"https:\/\/schema.org","@graph":[{"@type":"WebPage","@id":"https:\/\/edizionisuigeneris.it\/prodotto\/mother-of-learning\/","url":"https:\/\/edizionisuigeneris.it\/prodotto\/mother-of-learning\/","name":"Mother of Learning - SuiGeneris Edizioni","isPartOf":{"@id":"https:\/\/edizionisuigeneris.it\/#website"},"primaryImageOfPage":{"@id":"https:\/\/edizionisuigeneris.it\/prodotto\/mother-of-learning\/#primaryimage"},"image":{"@id":"https:\/\/edizionisuigeneris.it\/prodotto\/mother-of-learning\/#primaryimage"},"thumbnailUrl":"https:\/\/edizionisuigeneris.it\/wp-content\/uploads\/2026\/02\/copertina-ombra_mother-sito.png","datePublished":"2026-02-13T15:50:31+00:00","dateModified":"2026-03-26T16:30:47+00:00","description":"Zorian Kazinski, giovane mago dell\u2019Accademia di Cyoria, viene ucciso alla vigilia del festival estivo e si risveglia intrappolato in un loop temporale infinito. Per sopravvivere dovr\u00e0 padroneggiare la magia, svelare un oscuro complotto e diventare pi\u00f9 forte a ogni ripetizione. Il romanzo fantasy cult di Royal Road, ora disponibile in italiano.","breadcrumb":{"@id":"https:\/\/edizionisuigeneris.it\/prodotto\/mother-of-learning\/#breadcrumb"},"inLanguage":"en-US","potentialAction":[{"@type":"ReadAction","target":["https:\/\/edizionisuigeneris.it\/prodotto\/mother-of-learning\/"]}]},{"@type":"ImageObject","inLanguage":"en-US","@id":"https:\/\/edizionisuigeneris.it\/prodotto\/mother-of-learning\/#primaryimage","url":"https:\/\/edizionisuigeneris.it\/wp-content\/uploads\/2026\/02\/copertina-ombra_mother-sito.png","contentUrl":"https:\/\/edizionisuigeneris.it\/wp-content\/uploads\/2026\/02\/copertina-ombra_mother-sito.png","width":800,"height":1200,"caption":"Progressive fantasy"},{"@type":"BreadcrumbList","@id":"https:\/\/edizionisuigeneris.it\/prodotto\/mother-of-learning\/#breadcrumb","itemListElement":[{"@type":"ListItem","position":1,"name":"HOME","item":"https:\/\/edizionisuigeneris.it\/"},{"@type":"ListItem","position":2,"name":"Catalogo","item":"https:\/\/edizionisuigeneris.it\/catalogo\/"},{"@type":"ListItem","position":3,"name":"Mother of Learning"}]},{"@type":"WebSite","@id":"https:\/\/edizionisuigeneris.it\/#website","url":"https:\/\/edizionisuigeneris.it\/","name":"SuiGeneris","description":"Casa editrice indipendente di Torino","publisher":{"@id":"https:\/\/edizionisuigeneris.it\/#organization"},"potentialAction":[{"@type":"SearchAction","target":{"@type":"EntryPoint","urlTemplate":"https:\/\/edizionisuigeneris.it\/?s={search_term_string}"},"query-input":{"@type":"PropertyValueSpecification","valueRequired":true,"valueName":"search_term_string"}}],"inLanguage":"en-US"},{"@type":"Organization","@id":"https:\/\/edizionisuigeneris.it\/#organization","name":"SuiGeneris","url":"https:\/\/edizionisuigeneris.it\/","logo":{"@type":"ImageObject","inLanguage":"en-US","@id":"https:\/\/edizionisuigeneris.it\/#\/schema\/logo\/image\/","url":"","contentUrl":"","caption":"SuiGeneris"},"image":{"@id":"https:\/\/edizionisuigeneris.it\/#\/schema\/logo\/image\/"},"sameAs":["https:\/\/www.facebook.com\/SuiGeneriseditore","https:\/\/www.instagram.com\/suigenerislibri\/"]}]}},"_links":{"self":[{"href":"https:\/\/edizionisuigeneris.it\/en\/wp-json\/wp\/v2\/product\/11595","targetHints":{"allow":["GET"]}}],"collection":[{"href":"https:\/\/edizionisuigeneris.it\/en\/wp-json\/wp\/v2\/product"}],"about":[{"href":"https:\/\/edizionisuigeneris.it\/en\/wp-json\/wp\/v2\/types\/product"}],"version-history":[{"count":0,"href":"https:\/\/edizionisuigeneris.it\/en\/wp-json\/wp\/v2\/product\/11595\/revisions"}],"wp:featuredmedia":[{"embeddable":true,"href":"https:\/\/edizionisuigeneris.it\/en\/wp-json\/wp\/v2\/media\/11597"}],"wp:attachment":[{"href":"https:\/\/edizionisuigeneris.it\/en\/wp-json\/wp\/v2\/media?parent=11595"}],"wp:term":[{"taxonomy":"product_brand","embeddable":true,"href":"https:\/\/edizionisuigeneris.it\/en\/wp-json\/wp\/v2\/product_brand?post=11595"},{"taxonomy":"product_cat","embeddable":true,"href":"https:\/\/edizionisuigeneris.it\/en\/wp-json\/wp\/v2\/product_cat?post=11595"},{"taxonomy":"product_tag","embeddable":true,"href":"https:\/\/edizionisuigeneris.it\/en\/wp-json\/wp\/v2\/product_tag?post=11595"},{"taxonomy":"collana","embeddable":true,"href":"https:\/\/edizionisuigeneris.it\/en\/wp-json\/wp\/v2\/collana?post=11595"},{"taxonomy":"genere_letterario","embeddable":true,"href":"https:\/\/edizionisuigeneris.it\/en\/wp-json\/wp\/v2\/genere_letterario?post=11595"}],"curies":[{"name":"wp","href":"https:\/\/api.w.org\/{rel}","templated":true}]}}