{"id":3998,"date":"2025-07-11T10:17:51","date_gmt":"2025-07-11T08:17:51","guid":{"rendered":"https:\/\/edizionisuigeneris.it\/prodotto\/storia-della-filosofia-a-sonetti\/"},"modified":"2026-03-25T14:54:24","modified_gmt":"2026-03-25T13:54:24","slug":"storia-della-filosofia-a-sonetti","status":"publish","type":"product","link":"https:\/\/edizionisuigeneris.it\/en\/product\/storia-della-filosofia-a-sonetti\/","title":{"rendered":"Storia della filosofia a sonetti"},"content":{"rendered":"<p>Il pensiero delle grandi filosofe e filosofi antichi e moderni sotto forma di sonetti. Assumibili da chi \u00e8 digiuno di filosofia. Prescrivibili a chi gi\u00e0 conosce, per provare qualcosa di originiale. Sconsigliati a nessuno. Seconda edizione con 26 sonetti inediti.<\/p>","protected":false},"excerpt":{"rendered":"<p>Una raccolta poetica che fa dialogare filosofia e forma classica del sonetto, trasformando il pensiero delle grandi filosofe e dei grandi filosofi \u2014 dall\u2019antichit\u00e0 alla modernit\u00e0 \u2014 in versi chiari, intensi e sorprendenti.<br \/>\nOgni componimento distilla concetti complessi in immagini e ritmo, rendendoli accessibili anche a chi non ha familiarit\u00e0 con la disciplina, senza rinunciare alla profondit\u00e0 capace di coinvolgere chi gi\u00e0 la conosce.<br \/>\nUn libro da leggere d\u2019un fiato o da assaporare lentamente, sonetto dopo sonetto, come piccoli concentrati di pensiero. Questa seconda edizione \u00e8 ampliata con 26 sonetti inediti, che arricchiscono il percorso e ampliano il dialogo tra poesia e filosofia.<\/p>","protected":false},"featured_media":4707,"template":"","meta":{"_acf_changed":false},"product_brand":[],"product_cat":[283,281,15],"product_tag":[],"collana":[235],"genere_letterario":[],"class_list":{"0":"post-3998","1":"product","2":"type-product","3":"status-publish","4":"has-post-thumbnail","6":"product_cat-filosofia","7":"product_cat-libri","8":"product_cat-senza-categoria","9":"collana-pierre-dumayet","11":"first","12":"instock","13":"taxable","14":"shipping-taxable","15":"purchasable","16":"product-type-simple"},"acf":[],"yoast_head":"<!-- This site is optimized with the Yoast SEO plugin v27.5 - https:\/\/yoast.com\/product\/yoast-seo-wordpress\/ -->\n<title>Storia della filosofia a sonetti - SuiGeneris Edizioni<\/title>\n<meta name=\"description\" content=\"Raccolta poetica che trasforma il pensiero delle grandi filosofe e dei grandi filosofi antichi e moderni in sonetti accessibili e sorprendenti. Adatti a chi \u00e8 digiuno di filosofia, stimolanti per chi gi\u00e0 la conosce. Seconda edizione ampliata con 26 sonetti inediti.\" \/>\n<meta name=\"robots\" content=\"index, follow, max-snippet:-1, max-image-preview:large, max-video-preview:-1\" \/>\n<link rel=\"canonical\" href=\"https:\/\/edizionisuigeneris.it\/en\/product\/storia-della-filosofia-a-sonetti\/\" \/>\n<meta property=\"og:locale\" content=\"en_US\" \/>\n<meta property=\"og:type\" content=\"article\" \/>\n<meta property=\"og:title\" content=\"Storia della filosofia a sonetti - SuiGeneris Edizioni\" \/>\n<meta property=\"og:description\" content=\"Raccolta poetica che trasforma il pensiero delle grandi filosofe e dei grandi filosofi antichi e moderni in sonetti accessibili e sorprendenti. Adatti a chi \u00e8 digiuno di filosofia, stimolanti per chi gi\u00e0 la conosce. Seconda edizione ampliata con 26 sonetti inediti.\" \/>\n<meta property=\"og:url\" content=\"https:\/\/edizionisuigeneris.it\/en\/product\/storia-della-filosofia-a-sonetti\/\" \/>\n<meta property=\"og:site_name\" content=\"SuiGeneris Edizioni\" \/>\n<meta property=\"article:publisher\" content=\"https:\/\/www.facebook.com\/SuiGeneriseditore\" \/>\n<meta property=\"article:modified_time\" content=\"2026-03-25T13:54:24+00:00\" \/>\n<meta property=\"og:image\" content=\"https:\/\/edizionisuigeneris.it\/wp-content\/uploads\/2025\/07\/cop-storia-filosia-deiana.png\" \/>\n\t<meta property=\"og:image:width\" content=\"800\" \/>\n\t<meta property=\"og:image:height\" content=\"1200\" \/>\n\t<meta property=\"og:image:type\" content=\"image\/png\" \/>\n<meta name=\"twitter:card\" content=\"summary_large_image\" \/>\n<meta name=\"twitter:label1\" content=\"Est. reading time\" \/>\n\t<meta name=\"twitter:data1\" content=\"1 minute\" \/>\n<script type=\"application\/ld+json\" class=\"yoast-schema-graph\">{\"@context\":\"https:\\\/\\\/schema.org\",\"@graph\":[{\"@type\":\"WebPage\",\"@id\":\"https:\\\/\\\/edizionisuigeneris.it\\\/prodotto\\\/storia-della-filosofia-a-sonetti\\\/\",\"url\":\"https:\\\/\\\/edizionisuigeneris.it\\\/prodotto\\\/storia-della-filosofia-a-sonetti\\\/\",\"name\":\"Storia della filosofia a sonetti - SuiGeneris Edizioni\",\"isPartOf\":{\"@id\":\"https:\\\/\\\/edizionisuigeneris.it\\\/#website\"},\"primaryImageOfPage\":{\"@id\":\"https:\\\/\\\/edizionisuigeneris.it\\\/prodotto\\\/storia-della-filosofia-a-sonetti\\\/#primaryimage\"},\"image\":{\"@id\":\"https:\\\/\\\/edizionisuigeneris.it\\\/prodotto\\\/storia-della-filosofia-a-sonetti\\\/#primaryimage\"},\"thumbnailUrl\":\"https:\\\/\\\/edizionisuigeneris.it\\\/wp-content\\\/uploads\\\/2025\\\/07\\\/cop-storia-filosia-deiana.png\",\"datePublished\":\"2025-07-11T08:17:51+00:00\",\"dateModified\":\"2026-03-25T13:54:24+00:00\",\"description\":\"Raccolta poetica che trasforma il pensiero delle grandi filosofe e dei grandi filosofi antichi e moderni in sonetti accessibili e sorprendenti. Adatti a chi \u00e8 digiuno di filosofia, stimolanti per chi gi\u00e0 la conosce. Seconda edizione ampliata con 26 sonetti inediti.\",\"breadcrumb\":{\"@id\":\"https:\\\/\\\/edizionisuigeneris.it\\\/prodotto\\\/storia-della-filosofia-a-sonetti\\\/#breadcrumb\"},\"inLanguage\":\"en-US\",\"potentialAction\":[{\"@type\":\"ReadAction\",\"target\":[\"https:\\\/\\\/edizionisuigeneris.it\\\/prodotto\\\/storia-della-filosofia-a-sonetti\\\/\"]}]},{\"@type\":\"ImageObject\",\"inLanguage\":\"en-US\",\"@id\":\"https:\\\/\\\/edizionisuigeneris.it\\\/prodotto\\\/storia-della-filosofia-a-sonetti\\\/#primaryimage\",\"url\":\"https:\\\/\\\/edizionisuigeneris.it\\\/wp-content\\\/uploads\\\/2025\\\/07\\\/cop-storia-filosia-deiana.png\",\"contentUrl\":\"https:\\\/\\\/edizionisuigeneris.it\\\/wp-content\\\/uploads\\\/2025\\\/07\\\/cop-storia-filosia-deiana.png\",\"width\":800,\"height\":1200},{\"@type\":\"BreadcrumbList\",\"@id\":\"https:\\\/\\\/edizionisuigeneris.it\\\/prodotto\\\/storia-della-filosofia-a-sonetti\\\/#breadcrumb\",\"itemListElement\":[{\"@type\":\"ListItem\",\"position\":1,\"name\":\"HOME\",\"item\":\"https:\\\/\\\/edizionisuigeneris.it\\\/\"},{\"@type\":\"ListItem\",\"position\":2,\"name\":\"Catalogo\",\"item\":\"https:\\\/\\\/edizionisuigeneris.it\\\/catalogo\\\/\"},{\"@type\":\"ListItem\",\"position\":3,\"name\":\"Storia della filosofia a sonetti\"}]},{\"@type\":\"WebSite\",\"@id\":\"https:\\\/\\\/edizionisuigeneris.it\\\/#website\",\"url\":\"https:\\\/\\\/edizionisuigeneris.it\\\/\",\"name\":\"SuiGeneris\",\"description\":\"Casa editrice indipendente di Torino\",\"publisher\":{\"@id\":\"https:\\\/\\\/edizionisuigeneris.it\\\/#organization\"},\"potentialAction\":[{\"@type\":\"SearchAction\",\"target\":{\"@type\":\"EntryPoint\",\"urlTemplate\":\"https:\\\/\\\/edizionisuigeneris.it\\\/?s={search_term_string}\"},\"query-input\":{\"@type\":\"PropertyValueSpecification\",\"valueRequired\":true,\"valueName\":\"search_term_string\"}}],\"inLanguage\":\"en-US\"},{\"@type\":\"Organization\",\"@id\":\"https:\\\/\\\/edizionisuigeneris.it\\\/#organization\",\"name\":\"SuiGeneris\",\"url\":\"https:\\\/\\\/edizionisuigeneris.it\\\/\",\"logo\":{\"@type\":\"ImageObject\",\"inLanguage\":\"en-US\",\"@id\":\"https:\\\/\\\/edizionisuigeneris.it\\\/#\\\/schema\\\/logo\\\/image\\\/\",\"url\":\"\",\"contentUrl\":\"\",\"caption\":\"SuiGeneris\"},\"image\":{\"@id\":\"https:\\\/\\\/edizionisuigeneris.it\\\/#\\\/schema\\\/logo\\\/image\\\/\"},\"sameAs\":[\"https:\\\/\\\/www.facebook.com\\\/SuiGeneriseditore\",\"https:\\\/\\\/www.instagram.com\\\/suigenerislibri\\\/\"]}]}<\/script>\n<!-- \/ Yoast SEO plugin. -->","yoast_head_json":{"title":"Storia della filosofia a sonetti - SuiGeneris Edizioni","description":"Raccolta poetica che trasforma il pensiero delle grandi filosofe e dei grandi filosofi antichi e moderni in sonetti accessibili e sorprendenti. Adatti a chi \u00e8 digiuno di filosofia, stimolanti per chi gi\u00e0 la conosce. Seconda edizione ampliata con 26 sonetti inediti.","robots":{"index":"index","follow":"follow","max-snippet":"max-snippet:-1","max-image-preview":"max-image-preview:large","max-video-preview":"max-video-preview:-1"},"canonical":"https:\/\/edizionisuigeneris.it\/en\/product\/storia-della-filosofia-a-sonetti\/","og_locale":"en_US","og_type":"article","og_title":"Storia della filosofia a sonetti - SuiGeneris Edizioni","og_description":"Raccolta poetica che trasforma il pensiero delle grandi filosofe e dei grandi filosofi antichi e moderni in sonetti accessibili e sorprendenti. Adatti a chi \u00e8 digiuno di filosofia, stimolanti per chi gi\u00e0 la conosce. Seconda edizione ampliata con 26 sonetti inediti.","og_url":"https:\/\/edizionisuigeneris.it\/en\/product\/storia-della-filosofia-a-sonetti\/","og_site_name":"SuiGeneris Edizioni","article_publisher":"https:\/\/www.facebook.com\/SuiGeneriseditore","article_modified_time":"2026-03-25T13:54:24+00:00","og_image":[{"width":800,"height":1200,"url":"https:\/\/edizionisuigeneris.it\/wp-content\/uploads\/2025\/07\/cop-storia-filosia-deiana.png","type":"image\/png"}],"twitter_card":"summary_large_image","twitter_misc":{"Est. reading time":"1 minute"},"schema":{"@context":"https:\/\/schema.org","@graph":[{"@type":"WebPage","@id":"https:\/\/edizionisuigeneris.it\/prodotto\/storia-della-filosofia-a-sonetti\/","url":"https:\/\/edizionisuigeneris.it\/prodotto\/storia-della-filosofia-a-sonetti\/","name":"Storia della filosofia a sonetti - SuiGeneris Edizioni","isPartOf":{"@id":"https:\/\/edizionisuigeneris.it\/#website"},"primaryImageOfPage":{"@id":"https:\/\/edizionisuigeneris.it\/prodotto\/storia-della-filosofia-a-sonetti\/#primaryimage"},"image":{"@id":"https:\/\/edizionisuigeneris.it\/prodotto\/storia-della-filosofia-a-sonetti\/#primaryimage"},"thumbnailUrl":"https:\/\/edizionisuigeneris.it\/wp-content\/uploads\/2025\/07\/cop-storia-filosia-deiana.png","datePublished":"2025-07-11T08:17:51+00:00","dateModified":"2026-03-25T13:54:24+00:00","description":"Raccolta poetica che trasforma il pensiero delle grandi filosofe e dei grandi filosofi antichi e moderni in sonetti accessibili e sorprendenti. Adatti a chi \u00e8 digiuno di filosofia, stimolanti per chi gi\u00e0 la conosce. Seconda edizione ampliata con 26 sonetti inediti.","breadcrumb":{"@id":"https:\/\/edizionisuigeneris.it\/prodotto\/storia-della-filosofia-a-sonetti\/#breadcrumb"},"inLanguage":"en-US","potentialAction":[{"@type":"ReadAction","target":["https:\/\/edizionisuigeneris.it\/prodotto\/storia-della-filosofia-a-sonetti\/"]}]},{"@type":"ImageObject","inLanguage":"en-US","@id":"https:\/\/edizionisuigeneris.it\/prodotto\/storia-della-filosofia-a-sonetti\/#primaryimage","url":"https:\/\/edizionisuigeneris.it\/wp-content\/uploads\/2025\/07\/cop-storia-filosia-deiana.png","contentUrl":"https:\/\/edizionisuigeneris.it\/wp-content\/uploads\/2025\/07\/cop-storia-filosia-deiana.png","width":800,"height":1200},{"@type":"BreadcrumbList","@id":"https:\/\/edizionisuigeneris.it\/prodotto\/storia-della-filosofia-a-sonetti\/#breadcrumb","itemListElement":[{"@type":"ListItem","position":1,"name":"HOME","item":"https:\/\/edizionisuigeneris.it\/"},{"@type":"ListItem","position":2,"name":"Catalogo","item":"https:\/\/edizionisuigeneris.it\/catalogo\/"},{"@type":"ListItem","position":3,"name":"Storia della filosofia a sonetti"}]},{"@type":"WebSite","@id":"https:\/\/edizionisuigeneris.it\/#website","url":"https:\/\/edizionisuigeneris.it\/","name":"SuiGeneris","description":"Casa editrice indipendente di Torino","publisher":{"@id":"https:\/\/edizionisuigeneris.it\/#organization"},"potentialAction":[{"@type":"SearchAction","target":{"@type":"EntryPoint","urlTemplate":"https:\/\/edizionisuigeneris.it\/?s={search_term_string}"},"query-input":{"@type":"PropertyValueSpecification","valueRequired":true,"valueName":"search_term_string"}}],"inLanguage":"en-US"},{"@type":"Organization","@id":"https:\/\/edizionisuigeneris.it\/#organization","name":"SuiGeneris","url":"https:\/\/edizionisuigeneris.it\/","logo":{"@type":"ImageObject","inLanguage":"en-US","@id":"https:\/\/edizionisuigeneris.it\/#\/schema\/logo\/image\/","url":"","contentUrl":"","caption":"SuiGeneris"},"image":{"@id":"https:\/\/edizionisuigeneris.it\/#\/schema\/logo\/image\/"},"sameAs":["https:\/\/www.facebook.com\/SuiGeneriseditore","https:\/\/www.instagram.com\/suigenerislibri\/"]}]}},"_links":{"self":[{"href":"https:\/\/edizionisuigeneris.it\/en\/wp-json\/wp\/v2\/product\/3998","targetHints":{"allow":["GET"]}}],"collection":[{"href":"https:\/\/edizionisuigeneris.it\/en\/wp-json\/wp\/v2\/product"}],"about":[{"href":"https:\/\/edizionisuigeneris.it\/en\/wp-json\/wp\/v2\/types\/product"}],"version-history":[{"count":0,"href":"https:\/\/edizionisuigeneris.it\/en\/wp-json\/wp\/v2\/product\/3998\/revisions"}],"wp:featuredmedia":[{"embeddable":true,"href":"https:\/\/edizionisuigeneris.it\/en\/wp-json\/wp\/v2\/media\/4707"}],"wp:attachment":[{"href":"https:\/\/edizionisuigeneris.it\/en\/wp-json\/wp\/v2\/media?parent=3998"}],"wp:term":[{"taxonomy":"product_brand","embeddable":true,"href":"https:\/\/edizionisuigeneris.it\/en\/wp-json\/wp\/v2\/product_brand?post=3998"},{"taxonomy":"product_cat","embeddable":true,"href":"https:\/\/edizionisuigeneris.it\/en\/wp-json\/wp\/v2\/product_cat?post=3998"},{"taxonomy":"product_tag","embeddable":true,"href":"https:\/\/edizionisuigeneris.it\/en\/wp-json\/wp\/v2\/product_tag?post=3998"},{"taxonomy":"collana","embeddable":true,"href":"https:\/\/edizionisuigeneris.it\/en\/wp-json\/wp\/v2\/collana?post=3998"},{"taxonomy":"genere_letterario","embeddable":true,"href":"https:\/\/edizionisuigeneris.it\/en\/wp-json\/wp\/v2\/genere_letterario?post=3998"}],"curies":[{"name":"wp","href":"https:\/\/api.w.org\/{rel}","templated":true}]}}