{"id":4020,"date":"2025-07-11T10:17:59","date_gmt":"2025-07-11T08:17:59","guid":{"rendered":"https:\/\/edizionisuigeneris.it\/prodotto\/every-version-of-you-ediz-italiana\/"},"modified":"2026-02-18T15:25:32","modified_gmt":"2026-02-18T14:25:32","slug":"every-version-of-you","status":"publish","type":"product","link":"https:\/\/edizionisuigeneris.it\/en\/product\/every-version-of-you\/","title":{"rendered":"Every version of you"},"content":{"rendered":"<p>Australia, ventunesimo secolo, Tao-Yi, giovane migrante malesiana, vive sospesa tra due mondi: la realt\u00e0 fisica, fragile e in declino, e Gaia, un universo virtuale dove tutto \u00e8 pi\u00f9 intenso, pi\u00f9 bello, pi\u00f9 facile. Qui, insieme al suo compagno Navin, trascorre sempre pi\u00f9 tempo: corpi abbandonati in Neurogusci, menti immerse in una perfezione programmata. Ma quando Gaia si prepara a un aggiornamento irreversibile, Tao-Yi \u00e8 costretta a confrontarsi con una scelta difficile: continuare a vivere in un\u2019illusione meravigliosa o tornare a una realt\u00e0 imperfetta, ma autentica. Grace Chan si addentra nei confini di identit\u00e0 e simulazione, umano e post-umano. Un romanzo che unisce l\u2019inquietudine di \u201cBlack Mirror\u201d, la delicatezza emotiva di \u201cNever let me go\u201d e la visionariet\u00e0 di \u201cNeuromante\u201d.<\/p>\n<p>Ha vinto diversi premi in Australia:<\/p>\n<p class=\"p1\">Vincitore \u2013 NSW Premier\u2019s Literary Awards<\/p>\n<p class=\"p1\">University of Sydney, People\u2019s Choice Award<\/p>\n<p class=\"p1\">Finalista \u2013 The Age Book of the Year<\/p>\n<p class=\"p1\">Finalista \u2013 NSW Premier\u2019s Literary Awards<\/p>\n<p class=\"p1\">Christina Stead Prize for Fiction<\/p>\n<p class=\"p1\">Selezionato \u2013 Stella Prize<\/p>\n<p class=\"p1\">Selezionato \u2013 Indie Book Awards for Debut Fiction<\/p>\n<p class=\"p1\">Menzione d\u2019onore \u2013 Sydney Morning Herald<\/p>\n<p class=\"p1\">Best Young Australian Novelist<\/p>","protected":false},"excerpt":{"rendered":"<p>Australia, XXI secolo. Tao-Yi vive tra un mondo reale in declino e Gaia, simulazione perfetta dove tutto \u00e8 pi\u00f9 facile. Quando l\u2019universo virtuale si aggiorna in modo irreversibile, dovr\u00e0 scegliere tra illusione e autenticit\u00e0. Grace Chan firma un romanzo visionario, intimo e disturbante, che indaga cosa significhi essere umani in un\u2019epoca post-umana. Un\u2019opera sospesa tra <em data-start=\"755\" data-end=\"769\">Black Mirror<\/em>, <em data-start=\"771\" data-end=\"788\">Never Let Me Go<\/em> e <em data-start=\"791\" data-end=\"803\">Neuromante<\/em>.<\/p>","protected":false},"featured_media":4728,"template":"","meta":{"_acf_changed":false},"product_brand":[],"product_cat":[281,284,274,15],"product_tag":[319],"collana":[277],"genere_letterario":[293],"class_list":{"0":"post-4020","1":"product","2":"type-product","3":"status-publish","4":"has-post-thumbnail","6":"product_cat-libri","7":"product_cat-narrativa-straniera","8":"product_cat-novita","9":"product_cat-senza-categoria","10":"product_tag-fantascienza","11":"pa_formato-copertina-flessibile","12":"pa_formato-copertina-rigida","13":"collana-verne-to-the-moon-and-back","14":"genere_letterario-fantascienza","16":"first","17":"instock","18":"taxable","19":"shipping-taxable","20":"purchasable","21":"product-type-simple"},"acf":[],"yoast_head":"<!-- This site is optimized with the Yoast SEO plugin v27.6 - https:\/\/yoast.com\/product\/yoast-seo-wordpress\/ -->\n<title>Every version of you - SuiGeneris Edizioni<\/title>\n<meta name=\"description\" content=\"In un futuro prossimo, Tao-Yi deve scegliere tra una realt\u00e0 decadente e un mondo virtuale perfetto. Un romanzo tra identit\u00e0, tecnologia e umanit\u00e0 perduta.\" \/>\n<meta name=\"robots\" content=\"index, follow, max-snippet:-1, max-image-preview:large, max-video-preview:-1\" \/>\n<link rel=\"canonical\" href=\"https:\/\/edizionisuigeneris.it\/en\/product\/every-version-of-you\/\" \/>\n<meta property=\"og:locale\" content=\"en_US\" \/>\n<meta property=\"og:type\" content=\"article\" \/>\n<meta property=\"og:title\" content=\"Every version of you - SuiGeneris Edizioni\" \/>\n<meta property=\"og:description\" content=\"In un futuro prossimo, Tao-Yi deve scegliere tra una realt\u00e0 decadente e un mondo virtuale perfetto. Un romanzo tra identit\u00e0, tecnologia e umanit\u00e0 perduta.\" \/>\n<meta property=\"og:url\" content=\"https:\/\/edizionisuigeneris.it\/en\/product\/every-version-of-you\/\" \/>\n<meta property=\"og:site_name\" content=\"SuiGeneris Edizioni\" \/>\n<meta property=\"article:publisher\" content=\"https:\/\/www.facebook.com\/SuiGeneriseditore\" \/>\n<meta property=\"article:modified_time\" content=\"2026-02-18T14:25:32+00:00\" \/>\n<meta property=\"og:image\" content=\"https:\/\/edizionisuigeneris.it\/wp-content\/uploads\/2025\/07\/cop-every-version-chan.png\" \/>\n\t<meta property=\"og:image:width\" content=\"800\" \/>\n\t<meta property=\"og:image:height\" content=\"1200\" \/>\n\t<meta property=\"og:image:type\" content=\"image\/png\" \/>\n<meta name=\"twitter:card\" content=\"summary_large_image\" \/>\n<meta name=\"twitter:label1\" content=\"Est. reading time\" \/>\n\t<meta name=\"twitter:data1\" content=\"2 minutes\" \/>\n<script type=\"application\/ld+json\" class=\"yoast-schema-graph\">{\"@context\":\"https:\\\/\\\/schema.org\",\"@graph\":[{\"@type\":\"WebPage\",\"@id\":\"https:\\\/\\\/edizionisuigeneris.it\\\/prodotto\\\/every-version-of-you\\\/\",\"url\":\"https:\\\/\\\/edizionisuigeneris.it\\\/prodotto\\\/every-version-of-you\\\/\",\"name\":\"Every version of you - SuiGeneris Edizioni\",\"isPartOf\":{\"@id\":\"https:\\\/\\\/edizionisuigeneris.it\\\/#website\"},\"primaryImageOfPage\":{\"@id\":\"https:\\\/\\\/edizionisuigeneris.it\\\/prodotto\\\/every-version-of-you\\\/#primaryimage\"},\"image\":{\"@id\":\"https:\\\/\\\/edizionisuigeneris.it\\\/prodotto\\\/every-version-of-you\\\/#primaryimage\"},\"thumbnailUrl\":\"https:\\\/\\\/edizionisuigeneris.it\\\/wp-content\\\/uploads\\\/2025\\\/07\\\/cop-every-version-chan.png\",\"datePublished\":\"2025-07-11T08:17:59+00:00\",\"dateModified\":\"2026-02-18T14:25:32+00:00\",\"description\":\"In un futuro prossimo, Tao-Yi deve scegliere tra una realt\u00e0 decadente e un mondo virtuale perfetto. Un romanzo tra identit\u00e0, tecnologia e umanit\u00e0 perduta.\",\"breadcrumb\":{\"@id\":\"https:\\\/\\\/edizionisuigeneris.it\\\/prodotto\\\/every-version-of-you\\\/#breadcrumb\"},\"inLanguage\":\"en-US\",\"potentialAction\":[{\"@type\":\"ReadAction\",\"target\":[\"https:\\\/\\\/edizionisuigeneris.it\\\/prodotto\\\/every-version-of-you\\\/\"]}]},{\"@type\":\"ImageObject\",\"inLanguage\":\"en-US\",\"@id\":\"https:\\\/\\\/edizionisuigeneris.it\\\/prodotto\\\/every-version-of-you\\\/#primaryimage\",\"url\":\"https:\\\/\\\/edizionisuigeneris.it\\\/wp-content\\\/uploads\\\/2025\\\/07\\\/cop-every-version-chan.png\",\"contentUrl\":\"https:\\\/\\\/edizionisuigeneris.it\\\/wp-content\\\/uploads\\\/2025\\\/07\\\/cop-every-version-chan.png\",\"width\":800,\"height\":1200},{\"@type\":\"BreadcrumbList\",\"@id\":\"https:\\\/\\\/edizionisuigeneris.it\\\/prodotto\\\/every-version-of-you\\\/#breadcrumb\",\"itemListElement\":[{\"@type\":\"ListItem\",\"position\":1,\"name\":\"HOME\",\"item\":\"https:\\\/\\\/edizionisuigeneris.it\\\/\"},{\"@type\":\"ListItem\",\"position\":2,\"name\":\"Catalogo\",\"item\":\"https:\\\/\\\/edizionisuigeneris.it\\\/catalogo\\\/\"},{\"@type\":\"ListItem\",\"position\":3,\"name\":\"Every version of you\"}]},{\"@type\":\"WebSite\",\"@id\":\"https:\\\/\\\/edizionisuigeneris.it\\\/#website\",\"url\":\"https:\\\/\\\/edizionisuigeneris.it\\\/\",\"name\":\"SuiGeneris\",\"description\":\"Casa editrice indipendente di Torino\",\"publisher\":{\"@id\":\"https:\\\/\\\/edizionisuigeneris.it\\\/#organization\"},\"potentialAction\":[{\"@type\":\"SearchAction\",\"target\":{\"@type\":\"EntryPoint\",\"urlTemplate\":\"https:\\\/\\\/edizionisuigeneris.it\\\/?s={search_term_string}\"},\"query-input\":{\"@type\":\"PropertyValueSpecification\",\"valueRequired\":true,\"valueName\":\"search_term_string\"}}],\"inLanguage\":\"en-US\"},{\"@type\":\"Organization\",\"@id\":\"https:\\\/\\\/edizionisuigeneris.it\\\/#organization\",\"name\":\"SuiGeneris\",\"url\":\"https:\\\/\\\/edizionisuigeneris.it\\\/\",\"logo\":{\"@type\":\"ImageObject\",\"inLanguage\":\"en-US\",\"@id\":\"https:\\\/\\\/edizionisuigeneris.it\\\/#\\\/schema\\\/logo\\\/image\\\/\",\"url\":\"\",\"contentUrl\":\"\",\"caption\":\"SuiGeneris\"},\"image\":{\"@id\":\"https:\\\/\\\/edizionisuigeneris.it\\\/#\\\/schema\\\/logo\\\/image\\\/\"},\"sameAs\":[\"https:\\\/\\\/www.facebook.com\\\/SuiGeneriseditore\",\"https:\\\/\\\/www.instagram.com\\\/suigenerislibri\\\/\"]}]}<\/script>\n<!-- \/ Yoast SEO plugin. -->","yoast_head_json":{"title":"Every version of you - SuiGeneris Edizioni","description":"In un futuro prossimo, Tao-Yi deve scegliere tra una realt\u00e0 decadente e un mondo virtuale perfetto. Un romanzo tra identit\u00e0, tecnologia e umanit\u00e0 perduta.","robots":{"index":"index","follow":"follow","max-snippet":"max-snippet:-1","max-image-preview":"max-image-preview:large","max-video-preview":"max-video-preview:-1"},"canonical":"https:\/\/edizionisuigeneris.it\/en\/product\/every-version-of-you\/","og_locale":"en_US","og_type":"article","og_title":"Every version of you - SuiGeneris Edizioni","og_description":"In un futuro prossimo, Tao-Yi deve scegliere tra una realt\u00e0 decadente e un mondo virtuale perfetto. Un romanzo tra identit\u00e0, tecnologia e umanit\u00e0 perduta.","og_url":"https:\/\/edizionisuigeneris.it\/en\/product\/every-version-of-you\/","og_site_name":"SuiGeneris Edizioni","article_publisher":"https:\/\/www.facebook.com\/SuiGeneriseditore","article_modified_time":"2026-02-18T14:25:32+00:00","og_image":[{"width":800,"height":1200,"url":"https:\/\/edizionisuigeneris.it\/wp-content\/uploads\/2025\/07\/cop-every-version-chan.png","type":"image\/png"}],"twitter_card":"summary_large_image","twitter_misc":{"Est. reading time":"2 minutes"},"schema":{"@context":"https:\/\/schema.org","@graph":[{"@type":"WebPage","@id":"https:\/\/edizionisuigeneris.it\/prodotto\/every-version-of-you\/","url":"https:\/\/edizionisuigeneris.it\/prodotto\/every-version-of-you\/","name":"Every version of you - SuiGeneris Edizioni","isPartOf":{"@id":"https:\/\/edizionisuigeneris.it\/#website"},"primaryImageOfPage":{"@id":"https:\/\/edizionisuigeneris.it\/prodotto\/every-version-of-you\/#primaryimage"},"image":{"@id":"https:\/\/edizionisuigeneris.it\/prodotto\/every-version-of-you\/#primaryimage"},"thumbnailUrl":"https:\/\/edizionisuigeneris.it\/wp-content\/uploads\/2025\/07\/cop-every-version-chan.png","datePublished":"2025-07-11T08:17:59+00:00","dateModified":"2026-02-18T14:25:32+00:00","description":"In un futuro prossimo, Tao-Yi deve scegliere tra una realt\u00e0 decadente e un mondo virtuale perfetto. Un romanzo tra identit\u00e0, tecnologia e umanit\u00e0 perduta.","breadcrumb":{"@id":"https:\/\/edizionisuigeneris.it\/prodotto\/every-version-of-you\/#breadcrumb"},"inLanguage":"en-US","potentialAction":[{"@type":"ReadAction","target":["https:\/\/edizionisuigeneris.it\/prodotto\/every-version-of-you\/"]}]},{"@type":"ImageObject","inLanguage":"en-US","@id":"https:\/\/edizionisuigeneris.it\/prodotto\/every-version-of-you\/#primaryimage","url":"https:\/\/edizionisuigeneris.it\/wp-content\/uploads\/2025\/07\/cop-every-version-chan.png","contentUrl":"https:\/\/edizionisuigeneris.it\/wp-content\/uploads\/2025\/07\/cop-every-version-chan.png","width":800,"height":1200},{"@type":"BreadcrumbList","@id":"https:\/\/edizionisuigeneris.it\/prodotto\/every-version-of-you\/#breadcrumb","itemListElement":[{"@type":"ListItem","position":1,"name":"HOME","item":"https:\/\/edizionisuigeneris.it\/"},{"@type":"ListItem","position":2,"name":"Catalogo","item":"https:\/\/edizionisuigeneris.it\/catalogo\/"},{"@type":"ListItem","position":3,"name":"Every version of you"}]},{"@type":"WebSite","@id":"https:\/\/edizionisuigeneris.it\/#website","url":"https:\/\/edizionisuigeneris.it\/","name":"SuiGeneris","description":"Casa editrice indipendente di Torino","publisher":{"@id":"https:\/\/edizionisuigeneris.it\/#organization"},"potentialAction":[{"@type":"SearchAction","target":{"@type":"EntryPoint","urlTemplate":"https:\/\/edizionisuigeneris.it\/?s={search_term_string}"},"query-input":{"@type":"PropertyValueSpecification","valueRequired":true,"valueName":"search_term_string"}}],"inLanguage":"en-US"},{"@type":"Organization","@id":"https:\/\/edizionisuigeneris.it\/#organization","name":"SuiGeneris","url":"https:\/\/edizionisuigeneris.it\/","logo":{"@type":"ImageObject","inLanguage":"en-US","@id":"https:\/\/edizionisuigeneris.it\/#\/schema\/logo\/image\/","url":"","contentUrl":"","caption":"SuiGeneris"},"image":{"@id":"https:\/\/edizionisuigeneris.it\/#\/schema\/logo\/image\/"},"sameAs":["https:\/\/www.facebook.com\/SuiGeneriseditore","https:\/\/www.instagram.com\/suigenerislibri\/"]}]}},"_links":{"self":[{"href":"https:\/\/edizionisuigeneris.it\/en\/wp-json\/wp\/v2\/product\/4020","targetHints":{"allow":["GET"]}}],"collection":[{"href":"https:\/\/edizionisuigeneris.it\/en\/wp-json\/wp\/v2\/product"}],"about":[{"href":"https:\/\/edizionisuigeneris.it\/en\/wp-json\/wp\/v2\/types\/product"}],"version-history":[{"count":0,"href":"https:\/\/edizionisuigeneris.it\/en\/wp-json\/wp\/v2\/product\/4020\/revisions"}],"wp:featuredmedia":[{"embeddable":true,"href":"https:\/\/edizionisuigeneris.it\/en\/wp-json\/wp\/v2\/media\/4728"}],"wp:attachment":[{"href":"https:\/\/edizionisuigeneris.it\/en\/wp-json\/wp\/v2\/media?parent=4020"}],"wp:term":[{"taxonomy":"product_brand","embeddable":true,"href":"https:\/\/edizionisuigeneris.it\/en\/wp-json\/wp\/v2\/product_brand?post=4020"},{"taxonomy":"product_cat","embeddable":true,"href":"https:\/\/edizionisuigeneris.it\/en\/wp-json\/wp\/v2\/product_cat?post=4020"},{"taxonomy":"product_tag","embeddable":true,"href":"https:\/\/edizionisuigeneris.it\/en\/wp-json\/wp\/v2\/product_tag?post=4020"},{"taxonomy":"collana","embeddable":true,"href":"https:\/\/edizionisuigeneris.it\/en\/wp-json\/wp\/v2\/collana?post=4020"},{"taxonomy":"genere_letterario","embeddable":true,"href":"https:\/\/edizionisuigeneris.it\/en\/wp-json\/wp\/v2\/genere_letterario?post=4020"}],"curies":[{"name":"wp","href":"https:\/\/api.w.org\/{rel}","templated":true}]}}