{"id":4027,"date":"2025-07-11T10:18:02","date_gmt":"2025-07-11T08:18:02","guid":{"rendered":"https:\/\/edizionisuigeneris.it\/prodotto\/come-nei-giorni-migliori\/"},"modified":"2026-04-20T14:05:34","modified_gmt":"2026-04-20T12:05:34","slug":"come-nei-giorni-migliori","status":"publish","type":"product","link":"https:\/\/edizionisuigeneris.it\/en\/product\/come-nei-giorni-migliori\/","title":{"rendered":"Come nei giorni migliori"},"content":{"rendered":"<p>Persi e disorientati A e B sono i protagonisti di questa disillusa commedia romantica. Sono storti, fuori asse, sbilanciati, non tanto perch\u00e9 personaggi di una commedia e quindi spostati verso un certo tipo di forma, piuttosto perch\u00e9 tutto ci\u00f2 che \u00e8 vivo oscilla, rimane in bilico e l\u2019equilibrio lo cerca. Ecco, nessun equilibrio. Mai. Sempre spostati, incespicanti. Che si interrompono, che tremano, che non esitano e si buttano senza sapere dove finiranno. Divertenti e spietati, A e B giocano ad amarsi, alternado dolore e dolcezza.<\/p>","protected":false},"excerpt":{"rendered":"<p>Come nei giorni migliori \u00e8 un intenso e travolgente racconto d\u2019amore tra due trentenni, scritto da un giovane drammaturgo: dialoghi frenetici, ironia, litigi, slanci e commozione per raccontare la vita, le promesse e le fragilit\u00e0 dei trent\u2019anni. Uno spettacolo potente, autentico.<\/p>","protected":false},"featured_media":4734,"template":"","meta":{"_acf_changed":false},"product_brand":[],"product_cat":[281,282],"product_tag":[],"collana":[234],"genere_letterario":[],"class_list":{"0":"post-4027","1":"product","2":"type-product","3":"status-publish","4":"has-post-thumbnail","6":"product_cat-libri","7":"product_cat-narrativa-ita","8":"collana-clerici-e-il-minotauro","10":"first","11":"instock","12":"taxable","13":"shipping-taxable","14":"purchasable","15":"product-type-simple"},"acf":[],"yoast_head":"<!-- This site is optimized with the Yoast SEO plugin v27.6 - https:\/\/yoast.com\/product\/yoast-seo-wordpress\/ -->\n<title>Come nei giorni migliori - SuiGeneris Edizioni<\/title>\n<meta name=\"description\" content=\"Come nei giorni migliori, una storia d&#039;amore queer con i suoi alti e bassi, dialoghi divertenti che ci ricorda le sceneggiature di Woody Allen ai tempi d&#039;oro.\" \/>\n<meta name=\"robots\" content=\"index, follow, max-snippet:-1, max-image-preview:large, max-video-preview:-1\" \/>\n<link rel=\"canonical\" href=\"https:\/\/edizionisuigeneris.it\/en\/product\/come-nei-giorni-migliori\/\" \/>\n<meta property=\"og:locale\" content=\"en_US\" \/>\n<meta property=\"og:type\" content=\"article\" \/>\n<meta property=\"og:title\" content=\"Come nei giorni migliori - SuiGeneris Edizioni\" \/>\n<meta property=\"og:description\" content=\"Come nei giorni migliori, una storia d&#039;amore queer con i suoi alti e bassi, dialoghi divertenti che ci ricorda le sceneggiature di Woody Allen ai tempi d&#039;oro.\" \/>\n<meta property=\"og:url\" content=\"https:\/\/edizionisuigeneris.it\/en\/product\/come-nei-giorni-migliori\/\" \/>\n<meta property=\"og:site_name\" content=\"SuiGeneris Edizioni\" \/>\n<meta property=\"article:publisher\" content=\"https:\/\/www.facebook.com\/SuiGeneriseditore\" \/>\n<meta property=\"article:modified_time\" content=\"2026-04-20T12:05:34+00:00\" \/>\n<meta property=\"og:image\" content=\"https:\/\/edizionisuigeneris.it\/wp-content\/uploads\/2025\/07\/cop-come-nei-giorni-pleuteri.png\" \/>\n\t<meta property=\"og:image:width\" content=\"800\" \/>\n\t<meta property=\"og:image:height\" content=\"1200\" \/>\n\t<meta property=\"og:image:type\" content=\"image\/png\" \/>\n<meta name=\"twitter:card\" content=\"summary_large_image\" \/>\n<meta name=\"twitter:label1\" content=\"Est. reading time\" \/>\n\t<meta name=\"twitter:data1\" content=\"1 minute\" \/>\n<script type=\"application\/ld+json\" class=\"yoast-schema-graph\">{\"@context\":\"https:\\\/\\\/schema.org\",\"@graph\":[{\"@type\":\"WebPage\",\"@id\":\"https:\\\/\\\/edizionisuigeneris.it\\\/prodotto\\\/come-nei-giorni-migliori\\\/\",\"url\":\"https:\\\/\\\/edizionisuigeneris.it\\\/prodotto\\\/come-nei-giorni-migliori\\\/\",\"name\":\"Come nei giorni migliori - SuiGeneris Edizioni\",\"isPartOf\":{\"@id\":\"https:\\\/\\\/edizionisuigeneris.it\\\/#website\"},\"primaryImageOfPage\":{\"@id\":\"https:\\\/\\\/edizionisuigeneris.it\\\/prodotto\\\/come-nei-giorni-migliori\\\/#primaryimage\"},\"image\":{\"@id\":\"https:\\\/\\\/edizionisuigeneris.it\\\/prodotto\\\/come-nei-giorni-migliori\\\/#primaryimage\"},\"thumbnailUrl\":\"https:\\\/\\\/edizionisuigeneris.it\\\/wp-content\\\/uploads\\\/2025\\\/07\\\/cop-come-nei-giorni-pleuteri.png\",\"datePublished\":\"2025-07-11T08:18:02+00:00\",\"dateModified\":\"2026-04-20T12:05:34+00:00\",\"description\":\"Come nei giorni migliori, una storia d'amore queer con i suoi alti e bassi, dialoghi divertenti che ci ricorda le sceneggiature di Woody Allen ai tempi d'oro.\",\"breadcrumb\":{\"@id\":\"https:\\\/\\\/edizionisuigeneris.it\\\/prodotto\\\/come-nei-giorni-migliori\\\/#breadcrumb\"},\"inLanguage\":\"en-US\",\"potentialAction\":[{\"@type\":\"ReadAction\",\"target\":[\"https:\\\/\\\/edizionisuigeneris.it\\\/prodotto\\\/come-nei-giorni-migliori\\\/\"]}]},{\"@type\":\"ImageObject\",\"inLanguage\":\"en-US\",\"@id\":\"https:\\\/\\\/edizionisuigeneris.it\\\/prodotto\\\/come-nei-giorni-migliori\\\/#primaryimage\",\"url\":\"https:\\\/\\\/edizionisuigeneris.it\\\/wp-content\\\/uploads\\\/2025\\\/07\\\/cop-come-nei-giorni-pleuteri.png\",\"contentUrl\":\"https:\\\/\\\/edizionisuigeneris.it\\\/wp-content\\\/uploads\\\/2025\\\/07\\\/cop-come-nei-giorni-pleuteri.png\",\"width\":800,\"height\":1200},{\"@type\":\"BreadcrumbList\",\"@id\":\"https:\\\/\\\/edizionisuigeneris.it\\\/prodotto\\\/come-nei-giorni-migliori\\\/#breadcrumb\",\"itemListElement\":[{\"@type\":\"ListItem\",\"position\":1,\"name\":\"HOME\",\"item\":\"https:\\\/\\\/edizionisuigeneris.it\\\/\"},{\"@type\":\"ListItem\",\"position\":2,\"name\":\"Catalogo\",\"item\":\"https:\\\/\\\/edizionisuigeneris.it\\\/catalogo\\\/\"},{\"@type\":\"ListItem\",\"position\":3,\"name\":\"Come nei giorni migliori\"}]},{\"@type\":\"WebSite\",\"@id\":\"https:\\\/\\\/edizionisuigeneris.it\\\/#website\",\"url\":\"https:\\\/\\\/edizionisuigeneris.it\\\/\",\"name\":\"SuiGeneris\",\"description\":\"Casa editrice indipendente di Torino\",\"publisher\":{\"@id\":\"https:\\\/\\\/edizionisuigeneris.it\\\/#organization\"},\"potentialAction\":[{\"@type\":\"SearchAction\",\"target\":{\"@type\":\"EntryPoint\",\"urlTemplate\":\"https:\\\/\\\/edizionisuigeneris.it\\\/?s={search_term_string}\"},\"query-input\":{\"@type\":\"PropertyValueSpecification\",\"valueRequired\":true,\"valueName\":\"search_term_string\"}}],\"inLanguage\":\"en-US\"},{\"@type\":\"Organization\",\"@id\":\"https:\\\/\\\/edizionisuigeneris.it\\\/#organization\",\"name\":\"SuiGeneris\",\"url\":\"https:\\\/\\\/edizionisuigeneris.it\\\/\",\"logo\":{\"@type\":\"ImageObject\",\"inLanguage\":\"en-US\",\"@id\":\"https:\\\/\\\/edizionisuigeneris.it\\\/#\\\/schema\\\/logo\\\/image\\\/\",\"url\":\"\",\"contentUrl\":\"\",\"caption\":\"SuiGeneris\"},\"image\":{\"@id\":\"https:\\\/\\\/edizionisuigeneris.it\\\/#\\\/schema\\\/logo\\\/image\\\/\"},\"sameAs\":[\"https:\\\/\\\/www.facebook.com\\\/SuiGeneriseditore\",\"https:\\\/\\\/www.instagram.com\\\/suigenerislibri\\\/\"]}]}<\/script>\n<!-- \/ Yoast SEO plugin. -->","yoast_head_json":{"title":"Come nei giorni migliori - SuiGeneris Edizioni","description":"Come nei giorni migliori, una storia d'amore queer con i suoi alti e bassi, dialoghi divertenti che ci ricorda le sceneggiature di Woody Allen ai tempi d'oro.","robots":{"index":"index","follow":"follow","max-snippet":"max-snippet:-1","max-image-preview":"max-image-preview:large","max-video-preview":"max-video-preview:-1"},"canonical":"https:\/\/edizionisuigeneris.it\/en\/product\/come-nei-giorni-migliori\/","og_locale":"en_US","og_type":"article","og_title":"Come nei giorni migliori - SuiGeneris Edizioni","og_description":"Come nei giorni migliori, una storia d'amore queer con i suoi alti e bassi, dialoghi divertenti che ci ricorda le sceneggiature di Woody Allen ai tempi d'oro.","og_url":"https:\/\/edizionisuigeneris.it\/en\/product\/come-nei-giorni-migliori\/","og_site_name":"SuiGeneris Edizioni","article_publisher":"https:\/\/www.facebook.com\/SuiGeneriseditore","article_modified_time":"2026-04-20T12:05:34+00:00","og_image":[{"width":800,"height":1200,"url":"https:\/\/edizionisuigeneris.it\/wp-content\/uploads\/2025\/07\/cop-come-nei-giorni-pleuteri.png","type":"image\/png"}],"twitter_card":"summary_large_image","twitter_misc":{"Est. reading time":"1 minute"},"schema":{"@context":"https:\/\/schema.org","@graph":[{"@type":"WebPage","@id":"https:\/\/edizionisuigeneris.it\/prodotto\/come-nei-giorni-migliori\/","url":"https:\/\/edizionisuigeneris.it\/prodotto\/come-nei-giorni-migliori\/","name":"Come nei giorni migliori - SuiGeneris Edizioni","isPartOf":{"@id":"https:\/\/edizionisuigeneris.it\/#website"},"primaryImageOfPage":{"@id":"https:\/\/edizionisuigeneris.it\/prodotto\/come-nei-giorni-migliori\/#primaryimage"},"image":{"@id":"https:\/\/edizionisuigeneris.it\/prodotto\/come-nei-giorni-migliori\/#primaryimage"},"thumbnailUrl":"https:\/\/edizionisuigeneris.it\/wp-content\/uploads\/2025\/07\/cop-come-nei-giorni-pleuteri.png","datePublished":"2025-07-11T08:18:02+00:00","dateModified":"2026-04-20T12:05:34+00:00","description":"Come nei giorni migliori, una storia d'amore queer con i suoi alti e bassi, dialoghi divertenti che ci ricorda le sceneggiature di Woody Allen ai tempi d'oro.","breadcrumb":{"@id":"https:\/\/edizionisuigeneris.it\/prodotto\/come-nei-giorni-migliori\/#breadcrumb"},"inLanguage":"en-US","potentialAction":[{"@type":"ReadAction","target":["https:\/\/edizionisuigeneris.it\/prodotto\/come-nei-giorni-migliori\/"]}]},{"@type":"ImageObject","inLanguage":"en-US","@id":"https:\/\/edizionisuigeneris.it\/prodotto\/come-nei-giorni-migliori\/#primaryimage","url":"https:\/\/edizionisuigeneris.it\/wp-content\/uploads\/2025\/07\/cop-come-nei-giorni-pleuteri.png","contentUrl":"https:\/\/edizionisuigeneris.it\/wp-content\/uploads\/2025\/07\/cop-come-nei-giorni-pleuteri.png","width":800,"height":1200},{"@type":"BreadcrumbList","@id":"https:\/\/edizionisuigeneris.it\/prodotto\/come-nei-giorni-migliori\/#breadcrumb","itemListElement":[{"@type":"ListItem","position":1,"name":"HOME","item":"https:\/\/edizionisuigeneris.it\/"},{"@type":"ListItem","position":2,"name":"Catalogo","item":"https:\/\/edizionisuigeneris.it\/catalogo\/"},{"@type":"ListItem","position":3,"name":"Come nei giorni migliori"}]},{"@type":"WebSite","@id":"https:\/\/edizionisuigeneris.it\/#website","url":"https:\/\/edizionisuigeneris.it\/","name":"SuiGeneris","description":"Casa editrice indipendente di Torino","publisher":{"@id":"https:\/\/edizionisuigeneris.it\/#organization"},"potentialAction":[{"@type":"SearchAction","target":{"@type":"EntryPoint","urlTemplate":"https:\/\/edizionisuigeneris.it\/?s={search_term_string}"},"query-input":{"@type":"PropertyValueSpecification","valueRequired":true,"valueName":"search_term_string"}}],"inLanguage":"en-US"},{"@type":"Organization","@id":"https:\/\/edizionisuigeneris.it\/#organization","name":"SuiGeneris","url":"https:\/\/edizionisuigeneris.it\/","logo":{"@type":"ImageObject","inLanguage":"en-US","@id":"https:\/\/edizionisuigeneris.it\/#\/schema\/logo\/image\/","url":"","contentUrl":"","caption":"SuiGeneris"},"image":{"@id":"https:\/\/edizionisuigeneris.it\/#\/schema\/logo\/image\/"},"sameAs":["https:\/\/www.facebook.com\/SuiGeneriseditore","https:\/\/www.instagram.com\/suigenerislibri\/"]}]}},"_links":{"self":[{"href":"https:\/\/edizionisuigeneris.it\/en\/wp-json\/wp\/v2\/product\/4027","targetHints":{"allow":["GET"]}}],"collection":[{"href":"https:\/\/edizionisuigeneris.it\/en\/wp-json\/wp\/v2\/product"}],"about":[{"href":"https:\/\/edizionisuigeneris.it\/en\/wp-json\/wp\/v2\/types\/product"}],"version-history":[{"count":0,"href":"https:\/\/edizionisuigeneris.it\/en\/wp-json\/wp\/v2\/product\/4027\/revisions"}],"wp:featuredmedia":[{"embeddable":true,"href":"https:\/\/edizionisuigeneris.it\/en\/wp-json\/wp\/v2\/media\/4734"}],"wp:attachment":[{"href":"https:\/\/edizionisuigeneris.it\/en\/wp-json\/wp\/v2\/media?parent=4027"}],"wp:term":[{"taxonomy":"product_brand","embeddable":true,"href":"https:\/\/edizionisuigeneris.it\/en\/wp-json\/wp\/v2\/product_brand?post=4027"},{"taxonomy":"product_cat","embeddable":true,"href":"https:\/\/edizionisuigeneris.it\/en\/wp-json\/wp\/v2\/product_cat?post=4027"},{"taxonomy":"product_tag","embeddable":true,"href":"https:\/\/edizionisuigeneris.it\/en\/wp-json\/wp\/v2\/product_tag?post=4027"},{"taxonomy":"collana","embeddable":true,"href":"https:\/\/edizionisuigeneris.it\/en\/wp-json\/wp\/v2\/collana?post=4027"},{"taxonomy":"genere_letterario","embeddable":true,"href":"https:\/\/edizionisuigeneris.it\/en\/wp-json\/wp\/v2\/genere_letterario?post=4027"}],"curies":[{"name":"wp","href":"https:\/\/api.w.org\/{rel}","templated":true}]}}