{"id":4029,"date":"2025-07-11T10:18:02","date_gmt":"2025-07-11T08:18:02","guid":{"rendered":"https:\/\/edizionisuigeneris.it\/prodotto\/non-tutti-i-maschi-bianchi-morti-classici-e-misoginia-nellera-digitale\/"},"modified":"2026-03-25T15:01:19","modified_gmt":"2026-03-25T14:01:19","slug":"non-tutti-i-maschi-bianchi-morti","status":"publish","type":"product","link":"https:\/\/edizionisuigeneris.it\/en\/product\/non-tutti-i-maschi-bianchi-morti\/","title":{"rendered":"Non tutti i maschi bianchi morti"},"content":{"rendered":"<p>Su internet continua a proliferare un aggressivo ceppo di antifemminismo che vede l\u2019emancipazione femminile come una minaccia per gli uomini e per l\u2019integrit\u00e0 della civilt\u00e0 occidentale. I suoi fautori credono che il modello di mascolinit\u00e0 che ha sorretto intere generazioni di uomini sia ormai sotto assedio, e per sostenere le loro tesi si rivolgono ai testi degli antichi greci e romani, dall\u2019Ars Amatoria di Ovidio fino a quelli di Seneca e Marco Aurelio. \u201cNon tutti i maschi bianchi morti\u201d mette in luce come alcuni dei dibattiti pi\u00f9 controversi e significativi sull\u2019eredit\u00e0 classica non infurino pi\u00f9 nelle universit\u00e0 bens\u00ec in rete. Il libro \u00e8 stato pubblicato nel 2018 da Harvard Press University, da allora gli utenti della Uomosfera (tra cui Red Pill, Incel, PickUp artist, MGTOW) che diffondono odio online e incentivano all\u2019aggressivit\u00e0 nella vita di tutti i giorni verso gli altri e in particolare verso le donne sono aumentati in America e nel resto del mondo. Conoscere quale retorica li accomuna pu\u00f2 aiutarci a contrastarne la diffusione. \u201cEsplora i modi in cui gli odierni pensatori antifemministi usano e abusano delle nozioni sulla Roma e sulla Grecia antica\u201d.<\/p>","protected":false},"excerpt":{"rendered":"<p><span style=\"font-weight: 400;\">Su internet continua a proliferare un aggressivo ceppo di antifemminismo che vede l\u2019emancipazione femminile come una minaccia per gli uomini e per l\u2019integrit\u00e0 della civilt\u00e0 occidentale. I suoi fautori credono che il modello di mascolinit\u00e0 che ha sorretto intere generazioni di uomini sia ormai sotto assedio, e per sostenere le loro tesi si rivolgono ai testi degli antichi greci e romani, dall\u2019Ars Amatoria di Ovidio fino a quelli di Seneca e Marco Aurelio. \u201cNon tutti i maschi bianchi morti\u201d mette in luce come alcuni dei dibattiti pi\u00f9 controversi e significativi sull\u2019eredit\u00e0 classica non infurino pi\u00f9 nelle universit\u00e0 bens\u00ec in rete. Il libro \u00e8 stato pubblicato nel 2018 da Harvard Press University, da allora gli utenti della Uomosfera (tra cui Red Pill, Incel, PickUp artist, MGTOW) che diffondono odio online e incentivano all\u2019aggressivit\u00e0 nella vita di tutti i giorni verso gli altri e in particolare verso le donne sono aumentati in America e nel resto del mondo. Conoscere quale retorica li accomuna pu\u00f2 aiutarci a contrastarne la diffusione.<\/span><\/p>","protected":false},"featured_media":4713,"template":"","meta":{"_acf_changed":false},"product_brand":[],"product_cat":[281,15,288],"product_tag":[260,206,204],"collana":[235],"genere_letterario":[290],"class_list":{"0":"post-4029","1":"product","2":"type-product","3":"status-publish","4":"has-post-thumbnail","6":"product_cat-libri","7":"product_cat-senza-categoria","8":"product_cat-societa-politica-attualita","9":"product_tag-saggio-di-critica-culturale","10":"product_tag-sociologia-digitale","11":"product_tag-studi-di-genere","12":"collana-pierre-dumayet","13":"genere_letterario-saggistica","15":"first","16":"instock","17":"taxable","18":"shipping-taxable","19":"purchasable","20":"product-type-simple"},"acf":[],"yoast_head":"<!-- This site is optimized with the Yoast SEO plugin v27.6 - https:\/\/yoast.com\/product\/yoast-seo-wordpress\/ -->\n<title>Non tutti i maschi bianchi morti - SuiGeneris Edizioni<\/title>\n<meta name=\"description\" content=\"Non tutti i maschi bianchi morti analizza come l\u2019antifemminismo online usi e distorca i classici greci e romani per legittimare odio, mascolinit\u00e0 tossica e violenza nella rete contemporanea.\" \/>\n<meta name=\"robots\" content=\"index, follow, max-snippet:-1, max-image-preview:large, max-video-preview:-1\" \/>\n<link rel=\"canonical\" href=\"https:\/\/edizionisuigeneris.it\/en\/product\/non-tutti-i-maschi-bianchi-morti\/\" \/>\n<meta property=\"og:locale\" content=\"en_US\" \/>\n<meta property=\"og:type\" content=\"article\" \/>\n<meta property=\"og:title\" content=\"Non tutti i maschi bianchi morti - SuiGeneris Edizioni\" \/>\n<meta property=\"og:description\" content=\"Non tutti i maschi bianchi morti analizza come l\u2019antifemminismo online usi e distorca i classici greci e romani per legittimare odio, mascolinit\u00e0 tossica e violenza nella rete contemporanea.\" \/>\n<meta property=\"og:url\" content=\"https:\/\/edizionisuigeneris.it\/en\/product\/non-tutti-i-maschi-bianchi-morti\/\" \/>\n<meta property=\"og:site_name\" content=\"SuiGeneris Edizioni\" \/>\n<meta property=\"article:publisher\" content=\"https:\/\/www.facebook.com\/SuiGeneriseditore\" \/>\n<meta property=\"article:modified_time\" content=\"2026-03-25T14:01:19+00:00\" \/>\n<meta property=\"og:image\" content=\"https:\/\/edizionisuigeneris.it\/wp-content\/uploads\/2025\/07\/cop-non-tutti-maschi-zuckemberg.png\" \/>\n\t<meta property=\"og:image:width\" content=\"800\" \/>\n\t<meta property=\"og:image:height\" content=\"1200\" \/>\n\t<meta property=\"og:image:type\" content=\"image\/png\" \/>\n<meta name=\"twitter:card\" content=\"summary_large_image\" \/>\n<meta name=\"twitter:label1\" content=\"Est. reading time\" \/>\n\t<meta name=\"twitter:data1\" content=\"2 minutes\" \/>\n<script type=\"application\/ld+json\" class=\"yoast-schema-graph\">{\"@context\":\"https:\\\/\\\/schema.org\",\"@graph\":[{\"@type\":\"WebPage\",\"@id\":\"https:\\\/\\\/edizionisuigeneris.it\\\/prodotto\\\/non-tutti-i-maschi-bianchi-morti\\\/\",\"url\":\"https:\\\/\\\/edizionisuigeneris.it\\\/prodotto\\\/non-tutti-i-maschi-bianchi-morti\\\/\",\"name\":\"Non tutti i maschi bianchi morti - SuiGeneris Edizioni\",\"isPartOf\":{\"@id\":\"https:\\\/\\\/edizionisuigeneris.it\\\/#website\"},\"primaryImageOfPage\":{\"@id\":\"https:\\\/\\\/edizionisuigeneris.it\\\/prodotto\\\/non-tutti-i-maschi-bianchi-morti\\\/#primaryimage\"},\"image\":{\"@id\":\"https:\\\/\\\/edizionisuigeneris.it\\\/prodotto\\\/non-tutti-i-maschi-bianchi-morti\\\/#primaryimage\"},\"thumbnailUrl\":\"https:\\\/\\\/edizionisuigeneris.it\\\/wp-content\\\/uploads\\\/2025\\\/07\\\/cop-non-tutti-maschi-zuckemberg.png\",\"datePublished\":\"2025-07-11T08:18:02+00:00\",\"dateModified\":\"2026-03-25T14:01:19+00:00\",\"description\":\"Non tutti i maschi bianchi morti analizza come l\u2019antifemminismo online usi e distorca i classici greci e romani per legittimare odio, mascolinit\u00e0 tossica e violenza nella rete contemporanea.\",\"breadcrumb\":{\"@id\":\"https:\\\/\\\/edizionisuigeneris.it\\\/prodotto\\\/non-tutti-i-maschi-bianchi-morti\\\/#breadcrumb\"},\"inLanguage\":\"en-US\",\"potentialAction\":[{\"@type\":\"ReadAction\",\"target\":[\"https:\\\/\\\/edizionisuigeneris.it\\\/prodotto\\\/non-tutti-i-maschi-bianchi-morti\\\/\"]}]},{\"@type\":\"ImageObject\",\"inLanguage\":\"en-US\",\"@id\":\"https:\\\/\\\/edizionisuigeneris.it\\\/prodotto\\\/non-tutti-i-maschi-bianchi-morti\\\/#primaryimage\",\"url\":\"https:\\\/\\\/edizionisuigeneris.it\\\/wp-content\\\/uploads\\\/2025\\\/07\\\/cop-non-tutti-maschi-zuckemberg.png\",\"contentUrl\":\"https:\\\/\\\/edizionisuigeneris.it\\\/wp-content\\\/uploads\\\/2025\\\/07\\\/cop-non-tutti-maschi-zuckemberg.png\",\"width\":800,\"height\":1200},{\"@type\":\"BreadcrumbList\",\"@id\":\"https:\\\/\\\/edizionisuigeneris.it\\\/prodotto\\\/non-tutti-i-maschi-bianchi-morti\\\/#breadcrumb\",\"itemListElement\":[{\"@type\":\"ListItem\",\"position\":1,\"name\":\"HOME\",\"item\":\"https:\\\/\\\/edizionisuigeneris.it\\\/\"},{\"@type\":\"ListItem\",\"position\":2,\"name\":\"Catalogo\",\"item\":\"https:\\\/\\\/edizionisuigeneris.it\\\/catalogo\\\/\"},{\"@type\":\"ListItem\",\"position\":3,\"name\":\"Non tutti i maschi bianchi morti\"}]},{\"@type\":\"WebSite\",\"@id\":\"https:\\\/\\\/edizionisuigeneris.it\\\/#website\",\"url\":\"https:\\\/\\\/edizionisuigeneris.it\\\/\",\"name\":\"SuiGeneris\",\"description\":\"Casa editrice indipendente di Torino\",\"publisher\":{\"@id\":\"https:\\\/\\\/edizionisuigeneris.it\\\/#organization\"},\"potentialAction\":[{\"@type\":\"SearchAction\",\"target\":{\"@type\":\"EntryPoint\",\"urlTemplate\":\"https:\\\/\\\/edizionisuigeneris.it\\\/?s={search_term_string}\"},\"query-input\":{\"@type\":\"PropertyValueSpecification\",\"valueRequired\":true,\"valueName\":\"search_term_string\"}}],\"inLanguage\":\"en-US\"},{\"@type\":\"Organization\",\"@id\":\"https:\\\/\\\/edizionisuigeneris.it\\\/#organization\",\"name\":\"SuiGeneris\",\"url\":\"https:\\\/\\\/edizionisuigeneris.it\\\/\",\"logo\":{\"@type\":\"ImageObject\",\"inLanguage\":\"en-US\",\"@id\":\"https:\\\/\\\/edizionisuigeneris.it\\\/#\\\/schema\\\/logo\\\/image\\\/\",\"url\":\"\",\"contentUrl\":\"\",\"caption\":\"SuiGeneris\"},\"image\":{\"@id\":\"https:\\\/\\\/edizionisuigeneris.it\\\/#\\\/schema\\\/logo\\\/image\\\/\"},\"sameAs\":[\"https:\\\/\\\/www.facebook.com\\\/SuiGeneriseditore\",\"https:\\\/\\\/www.instagram.com\\\/suigenerislibri\\\/\"]}]}<\/script>\n<!-- \/ Yoast SEO plugin. -->","yoast_head_json":{"title":"Non tutti i maschi bianchi morti - SuiGeneris Edizioni","description":"Non tutti i maschi bianchi morti analizza come l\u2019antifemminismo online usi e distorca i classici greci e romani per legittimare odio, mascolinit\u00e0 tossica e violenza nella rete contemporanea.","robots":{"index":"index","follow":"follow","max-snippet":"max-snippet:-1","max-image-preview":"max-image-preview:large","max-video-preview":"max-video-preview:-1"},"canonical":"https:\/\/edizionisuigeneris.it\/en\/product\/non-tutti-i-maschi-bianchi-morti\/","og_locale":"en_US","og_type":"article","og_title":"Non tutti i maschi bianchi morti - SuiGeneris Edizioni","og_description":"Non tutti i maschi bianchi morti analizza come l\u2019antifemminismo online usi e distorca i classici greci e romani per legittimare odio, mascolinit\u00e0 tossica e violenza nella rete contemporanea.","og_url":"https:\/\/edizionisuigeneris.it\/en\/product\/non-tutti-i-maschi-bianchi-morti\/","og_site_name":"SuiGeneris Edizioni","article_publisher":"https:\/\/www.facebook.com\/SuiGeneriseditore","article_modified_time":"2026-03-25T14:01:19+00:00","og_image":[{"width":800,"height":1200,"url":"https:\/\/edizionisuigeneris.it\/wp-content\/uploads\/2025\/07\/cop-non-tutti-maschi-zuckemberg.png","type":"image\/png"}],"twitter_card":"summary_large_image","twitter_misc":{"Est. reading time":"2 minutes"},"schema":{"@context":"https:\/\/schema.org","@graph":[{"@type":"WebPage","@id":"https:\/\/edizionisuigeneris.it\/prodotto\/non-tutti-i-maschi-bianchi-morti\/","url":"https:\/\/edizionisuigeneris.it\/prodotto\/non-tutti-i-maschi-bianchi-morti\/","name":"Non tutti i maschi bianchi morti - SuiGeneris Edizioni","isPartOf":{"@id":"https:\/\/edizionisuigeneris.it\/#website"},"primaryImageOfPage":{"@id":"https:\/\/edizionisuigeneris.it\/prodotto\/non-tutti-i-maschi-bianchi-morti\/#primaryimage"},"image":{"@id":"https:\/\/edizionisuigeneris.it\/prodotto\/non-tutti-i-maschi-bianchi-morti\/#primaryimage"},"thumbnailUrl":"https:\/\/edizionisuigeneris.it\/wp-content\/uploads\/2025\/07\/cop-non-tutti-maschi-zuckemberg.png","datePublished":"2025-07-11T08:18:02+00:00","dateModified":"2026-03-25T14:01:19+00:00","description":"Non tutti i maschi bianchi morti analizza come l\u2019antifemminismo online usi e distorca i classici greci e romani per legittimare odio, mascolinit\u00e0 tossica e violenza nella rete contemporanea.","breadcrumb":{"@id":"https:\/\/edizionisuigeneris.it\/prodotto\/non-tutti-i-maschi-bianchi-morti\/#breadcrumb"},"inLanguage":"en-US","potentialAction":[{"@type":"ReadAction","target":["https:\/\/edizionisuigeneris.it\/prodotto\/non-tutti-i-maschi-bianchi-morti\/"]}]},{"@type":"ImageObject","inLanguage":"en-US","@id":"https:\/\/edizionisuigeneris.it\/prodotto\/non-tutti-i-maschi-bianchi-morti\/#primaryimage","url":"https:\/\/edizionisuigeneris.it\/wp-content\/uploads\/2025\/07\/cop-non-tutti-maschi-zuckemberg.png","contentUrl":"https:\/\/edizionisuigeneris.it\/wp-content\/uploads\/2025\/07\/cop-non-tutti-maschi-zuckemberg.png","width":800,"height":1200},{"@type":"BreadcrumbList","@id":"https:\/\/edizionisuigeneris.it\/prodotto\/non-tutti-i-maschi-bianchi-morti\/#breadcrumb","itemListElement":[{"@type":"ListItem","position":1,"name":"HOME","item":"https:\/\/edizionisuigeneris.it\/"},{"@type":"ListItem","position":2,"name":"Catalogo","item":"https:\/\/edizionisuigeneris.it\/catalogo\/"},{"@type":"ListItem","position":3,"name":"Non tutti i maschi bianchi morti"}]},{"@type":"WebSite","@id":"https:\/\/edizionisuigeneris.it\/#website","url":"https:\/\/edizionisuigeneris.it\/","name":"SuiGeneris","description":"Casa editrice indipendente di Torino","publisher":{"@id":"https:\/\/edizionisuigeneris.it\/#organization"},"potentialAction":[{"@type":"SearchAction","target":{"@type":"EntryPoint","urlTemplate":"https:\/\/edizionisuigeneris.it\/?s={search_term_string}"},"query-input":{"@type":"PropertyValueSpecification","valueRequired":true,"valueName":"search_term_string"}}],"inLanguage":"en-US"},{"@type":"Organization","@id":"https:\/\/edizionisuigeneris.it\/#organization","name":"SuiGeneris","url":"https:\/\/edizionisuigeneris.it\/","logo":{"@type":"ImageObject","inLanguage":"en-US","@id":"https:\/\/edizionisuigeneris.it\/#\/schema\/logo\/image\/","url":"","contentUrl":"","caption":"SuiGeneris"},"image":{"@id":"https:\/\/edizionisuigeneris.it\/#\/schema\/logo\/image\/"},"sameAs":["https:\/\/www.facebook.com\/SuiGeneriseditore","https:\/\/www.instagram.com\/suigenerislibri\/"]}]}},"_links":{"self":[{"href":"https:\/\/edizionisuigeneris.it\/en\/wp-json\/wp\/v2\/product\/4029","targetHints":{"allow":["GET"]}}],"collection":[{"href":"https:\/\/edizionisuigeneris.it\/en\/wp-json\/wp\/v2\/product"}],"about":[{"href":"https:\/\/edizionisuigeneris.it\/en\/wp-json\/wp\/v2\/types\/product"}],"version-history":[{"count":0,"href":"https:\/\/edizionisuigeneris.it\/en\/wp-json\/wp\/v2\/product\/4029\/revisions"}],"wp:featuredmedia":[{"embeddable":true,"href":"https:\/\/edizionisuigeneris.it\/en\/wp-json\/wp\/v2\/media\/4713"}],"wp:attachment":[{"href":"https:\/\/edizionisuigeneris.it\/en\/wp-json\/wp\/v2\/media?parent=4029"}],"wp:term":[{"taxonomy":"product_brand","embeddable":true,"href":"https:\/\/edizionisuigeneris.it\/en\/wp-json\/wp\/v2\/product_brand?post=4029"},{"taxonomy":"product_cat","embeddable":true,"href":"https:\/\/edizionisuigeneris.it\/en\/wp-json\/wp\/v2\/product_cat?post=4029"},{"taxonomy":"product_tag","embeddable":true,"href":"https:\/\/edizionisuigeneris.it\/en\/wp-json\/wp\/v2\/product_tag?post=4029"},{"taxonomy":"collana","embeddable":true,"href":"https:\/\/edizionisuigeneris.it\/en\/wp-json\/wp\/v2\/collana?post=4029"},{"taxonomy":"genere_letterario","embeddable":true,"href":"https:\/\/edizionisuigeneris.it\/en\/wp-json\/wp\/v2\/genere_letterario?post=4029"}],"curies":[{"name":"wp","href":"https:\/\/api.w.org\/{rel}","templated":true}]}}