{"id":4031,"date":"2025-07-11T10:18:03","date_gmt":"2025-07-11T08:18:03","guid":{"rendered":"https:\/\/edizionisuigeneris.it\/prodotto\/another-country\/"},"modified":"2026-02-24T16:00:18","modified_gmt":"2026-02-24T15:00:18","slug":"another-country","status":"publish","type":"product","link":"https:\/\/edizionisuigeneris.it\/en\/product\/another-country\/","title":{"rendered":"Another Country"},"content":{"rendered":"<p>\u00c8 tra le prime opere in cui il coming out \u00e8 associato alla vita politica. Ispirata alla storia di Guy Burgess, nota spia russa e traditore dell&#8217;Inghilterra, \u00e8 ambientata in una prestigiosa scuola privata inglese degli anni \u201930, dove si forma la futura classe dirigente. Nonostante le relazioni tra i ragazzi siano comuni l\u2019omosessualit\u00e0 va tenuta sommessa, si tratta di un peccato condiviso e perdonabile purch\u00e9 rimanga privato. Finch\u00e9 un ragazzo, Martineau, viene scoperto e denunciato da un professore e si suicida. L\u2019autore ci mostra i giochi di potere, le ipocrisie e le debolezze degli adolescenti e ci regala due personaggi straordinari, ironici, ribelli, e insofferenti verso il sistema. Judd studioso e fervente comunista ignaro delle reali dinamiche storiche, con in mente una Russia idealizzata e Bennett finalmente consapevole che la sua omosessualit\u00e0 non \u00e8 uno scherzo n\u00e9 una fase, ma parte della sua identit\u00e0. Sognano entrambi un\u2019altra Patria che non chieda fedelt\u00e0 ai cieli e al militarismo ed \u00e8 per questo che non arriveranno mai a essere parte dell\u2019\u00e9lite, gi\u00e0 estromessi dai compagni all\u2019interno delle mura scolastiche. Purtroppo a scuola come in politica: no commies, no queers.<\/p>","protected":false},"excerpt":{"rendered":"<p>Un\u2019opera teatrale intensa e attuale che esplora il legame tra identit\u00e0 sessuale e coscienza politica, ambientata in una scuola d\u2019\u00e9lite dell\u2019Inghilterra anni \u201930. Ispirata alla figura di Guy Burgess, affronta ipocrisie, potere e ribellione con ironia.<\/p>","protected":false},"featured_media":4737,"template":"","meta":{"_acf_changed":false},"product_brand":[],"product_cat":[281,284,15],"product_tag":[],"collana":[234],"genere_letterario":[273],"class_list":{"0":"post-4031","1":"product","2":"type-product","3":"status-publish","4":"has-post-thumbnail","6":"product_cat-libri","7":"product_cat-narrativa-straniera","8":"product_cat-senza-categoria","9":"collana-clerici-e-il-minotauro","10":"genere_letterario-teatro","12":"first","13":"instock","14":"taxable","15":"shipping-taxable","16":"purchasable","17":"product-type-simple"},"acf":[],"yoast_head":"<!-- This site is optimized with the Yoast SEO plugin v27.5 - https:\/\/yoast.com\/product\/yoast-seo-wordpress\/ -->\n<title>Another Country - SuiGeneris Edizioni<\/title>\n<meta name=\"description\" content=\"Coming out e politica si intrecciano in un dramma ispirato a Guy Burgess. Potere, ipocrisie e identit\u00e0 nella scuola inglese degli anni \u201930.\" \/>\n<meta name=\"robots\" content=\"index, follow, max-snippet:-1, max-image-preview:large, max-video-preview:-1\" \/>\n<link rel=\"canonical\" href=\"https:\/\/edizionisuigeneris.it\/en\/product\/another-country\/\" \/>\n<meta property=\"og:locale\" content=\"en_US\" \/>\n<meta property=\"og:type\" content=\"article\" \/>\n<meta property=\"og:title\" content=\"Another Country - SuiGeneris Edizioni\" \/>\n<meta property=\"og:description\" content=\"Coming out e politica si intrecciano in un dramma ispirato a Guy Burgess. Potere, ipocrisie e identit\u00e0 nella scuola inglese degli anni \u201930.\" \/>\n<meta property=\"og:url\" content=\"https:\/\/edizionisuigeneris.it\/en\/product\/another-country\/\" \/>\n<meta property=\"og:site_name\" content=\"SuiGeneris Edizioni\" \/>\n<meta property=\"article:publisher\" content=\"https:\/\/www.facebook.com\/SuiGeneriseditore\" \/>\n<meta property=\"article:modified_time\" content=\"2026-02-24T15:00:18+00:00\" \/>\n<meta property=\"og:image\" content=\"https:\/\/edizionisuigeneris.it\/wp-content\/uploads\/2025\/07\/cop-another-country-mitchell.png\" \/>\n\t<meta property=\"og:image:width\" content=\"800\" \/>\n\t<meta property=\"og:image:height\" content=\"1200\" \/>\n\t<meta property=\"og:image:type\" content=\"image\/png\" \/>\n<meta name=\"twitter:card\" content=\"summary_large_image\" \/>\n<meta name=\"twitter:label1\" content=\"Est. reading time\" \/>\n\t<meta name=\"twitter:data1\" content=\"2 minutes\" \/>\n<script type=\"application\/ld+json\" class=\"yoast-schema-graph\">{\"@context\":\"https:\\\/\\\/schema.org\",\"@graph\":[{\"@type\":\"WebPage\",\"@id\":\"https:\\\/\\\/edizionisuigeneris.it\\\/prodotto\\\/another-country\\\/\",\"url\":\"https:\\\/\\\/edizionisuigeneris.it\\\/prodotto\\\/another-country\\\/\",\"name\":\"Another Country - SuiGeneris Edizioni\",\"isPartOf\":{\"@id\":\"https:\\\/\\\/edizionisuigeneris.it\\\/#website\"},\"primaryImageOfPage\":{\"@id\":\"https:\\\/\\\/edizionisuigeneris.it\\\/prodotto\\\/another-country\\\/#primaryimage\"},\"image\":{\"@id\":\"https:\\\/\\\/edizionisuigeneris.it\\\/prodotto\\\/another-country\\\/#primaryimage\"},\"thumbnailUrl\":\"https:\\\/\\\/edizionisuigeneris.it\\\/wp-content\\\/uploads\\\/2025\\\/07\\\/cop-another-country-mitchell.png\",\"datePublished\":\"2025-07-11T08:18:03+00:00\",\"dateModified\":\"2026-02-24T15:00:18+00:00\",\"description\":\"Coming out e politica si intrecciano in un dramma ispirato a Guy Burgess. Potere, ipocrisie e identit\u00e0 nella scuola inglese degli anni \u201930.\",\"breadcrumb\":{\"@id\":\"https:\\\/\\\/edizionisuigeneris.it\\\/prodotto\\\/another-country\\\/#breadcrumb\"},\"inLanguage\":\"en-US\",\"potentialAction\":[{\"@type\":\"ReadAction\",\"target\":[\"https:\\\/\\\/edizionisuigeneris.it\\\/prodotto\\\/another-country\\\/\"]}]},{\"@type\":\"ImageObject\",\"inLanguage\":\"en-US\",\"@id\":\"https:\\\/\\\/edizionisuigeneris.it\\\/prodotto\\\/another-country\\\/#primaryimage\",\"url\":\"https:\\\/\\\/edizionisuigeneris.it\\\/wp-content\\\/uploads\\\/2025\\\/07\\\/cop-another-country-mitchell.png\",\"contentUrl\":\"https:\\\/\\\/edizionisuigeneris.it\\\/wp-content\\\/uploads\\\/2025\\\/07\\\/cop-another-country-mitchell.png\",\"width\":800,\"height\":1200},{\"@type\":\"BreadcrumbList\",\"@id\":\"https:\\\/\\\/edizionisuigeneris.it\\\/prodotto\\\/another-country\\\/#breadcrumb\",\"itemListElement\":[{\"@type\":\"ListItem\",\"position\":1,\"name\":\"HOME\",\"item\":\"https:\\\/\\\/edizionisuigeneris.it\\\/\"},{\"@type\":\"ListItem\",\"position\":2,\"name\":\"Catalogo\",\"item\":\"https:\\\/\\\/edizionisuigeneris.it\\\/catalogo\\\/\"},{\"@type\":\"ListItem\",\"position\":3,\"name\":\"Another Country\"}]},{\"@type\":\"WebSite\",\"@id\":\"https:\\\/\\\/edizionisuigeneris.it\\\/#website\",\"url\":\"https:\\\/\\\/edizionisuigeneris.it\\\/\",\"name\":\"SuiGeneris\",\"description\":\"Casa editrice indipendente di Torino\",\"publisher\":{\"@id\":\"https:\\\/\\\/edizionisuigeneris.it\\\/#organization\"},\"potentialAction\":[{\"@type\":\"SearchAction\",\"target\":{\"@type\":\"EntryPoint\",\"urlTemplate\":\"https:\\\/\\\/edizionisuigeneris.it\\\/?s={search_term_string}\"},\"query-input\":{\"@type\":\"PropertyValueSpecification\",\"valueRequired\":true,\"valueName\":\"search_term_string\"}}],\"inLanguage\":\"en-US\"},{\"@type\":\"Organization\",\"@id\":\"https:\\\/\\\/edizionisuigeneris.it\\\/#organization\",\"name\":\"SuiGeneris\",\"url\":\"https:\\\/\\\/edizionisuigeneris.it\\\/\",\"logo\":{\"@type\":\"ImageObject\",\"inLanguage\":\"en-US\",\"@id\":\"https:\\\/\\\/edizionisuigeneris.it\\\/#\\\/schema\\\/logo\\\/image\\\/\",\"url\":\"\",\"contentUrl\":\"\",\"caption\":\"SuiGeneris\"},\"image\":{\"@id\":\"https:\\\/\\\/edizionisuigeneris.it\\\/#\\\/schema\\\/logo\\\/image\\\/\"},\"sameAs\":[\"https:\\\/\\\/www.facebook.com\\\/SuiGeneriseditore\",\"https:\\\/\\\/www.instagram.com\\\/suigenerislibri\\\/\"]}]}<\/script>\n<!-- \/ Yoast SEO plugin. -->","yoast_head_json":{"title":"Another Country - SuiGeneris Edizioni","description":"Coming out e politica si intrecciano in un dramma ispirato a Guy Burgess. Potere, ipocrisie e identit\u00e0 nella scuola inglese degli anni \u201930.","robots":{"index":"index","follow":"follow","max-snippet":"max-snippet:-1","max-image-preview":"max-image-preview:large","max-video-preview":"max-video-preview:-1"},"canonical":"https:\/\/edizionisuigeneris.it\/en\/product\/another-country\/","og_locale":"en_US","og_type":"article","og_title":"Another Country - SuiGeneris Edizioni","og_description":"Coming out e politica si intrecciano in un dramma ispirato a Guy Burgess. Potere, ipocrisie e identit\u00e0 nella scuola inglese degli anni \u201930.","og_url":"https:\/\/edizionisuigeneris.it\/en\/product\/another-country\/","og_site_name":"SuiGeneris Edizioni","article_publisher":"https:\/\/www.facebook.com\/SuiGeneriseditore","article_modified_time":"2026-02-24T15:00:18+00:00","og_image":[{"width":800,"height":1200,"url":"https:\/\/edizionisuigeneris.it\/wp-content\/uploads\/2025\/07\/cop-another-country-mitchell.png","type":"image\/png"}],"twitter_card":"summary_large_image","twitter_misc":{"Est. reading time":"2 minutes"},"schema":{"@context":"https:\/\/schema.org","@graph":[{"@type":"WebPage","@id":"https:\/\/edizionisuigeneris.it\/prodotto\/another-country\/","url":"https:\/\/edizionisuigeneris.it\/prodotto\/another-country\/","name":"Another Country - SuiGeneris Edizioni","isPartOf":{"@id":"https:\/\/edizionisuigeneris.it\/#website"},"primaryImageOfPage":{"@id":"https:\/\/edizionisuigeneris.it\/prodotto\/another-country\/#primaryimage"},"image":{"@id":"https:\/\/edizionisuigeneris.it\/prodotto\/another-country\/#primaryimage"},"thumbnailUrl":"https:\/\/edizionisuigeneris.it\/wp-content\/uploads\/2025\/07\/cop-another-country-mitchell.png","datePublished":"2025-07-11T08:18:03+00:00","dateModified":"2026-02-24T15:00:18+00:00","description":"Coming out e politica si intrecciano in un dramma ispirato a Guy Burgess. Potere, ipocrisie e identit\u00e0 nella scuola inglese degli anni \u201930.","breadcrumb":{"@id":"https:\/\/edizionisuigeneris.it\/prodotto\/another-country\/#breadcrumb"},"inLanguage":"en-US","potentialAction":[{"@type":"ReadAction","target":["https:\/\/edizionisuigeneris.it\/prodotto\/another-country\/"]}]},{"@type":"ImageObject","inLanguage":"en-US","@id":"https:\/\/edizionisuigeneris.it\/prodotto\/another-country\/#primaryimage","url":"https:\/\/edizionisuigeneris.it\/wp-content\/uploads\/2025\/07\/cop-another-country-mitchell.png","contentUrl":"https:\/\/edizionisuigeneris.it\/wp-content\/uploads\/2025\/07\/cop-another-country-mitchell.png","width":800,"height":1200},{"@type":"BreadcrumbList","@id":"https:\/\/edizionisuigeneris.it\/prodotto\/another-country\/#breadcrumb","itemListElement":[{"@type":"ListItem","position":1,"name":"HOME","item":"https:\/\/edizionisuigeneris.it\/"},{"@type":"ListItem","position":2,"name":"Catalogo","item":"https:\/\/edizionisuigeneris.it\/catalogo\/"},{"@type":"ListItem","position":3,"name":"Another Country"}]},{"@type":"WebSite","@id":"https:\/\/edizionisuigeneris.it\/#website","url":"https:\/\/edizionisuigeneris.it\/","name":"SuiGeneris","description":"Casa editrice indipendente di Torino","publisher":{"@id":"https:\/\/edizionisuigeneris.it\/#organization"},"potentialAction":[{"@type":"SearchAction","target":{"@type":"EntryPoint","urlTemplate":"https:\/\/edizionisuigeneris.it\/?s={search_term_string}"},"query-input":{"@type":"PropertyValueSpecification","valueRequired":true,"valueName":"search_term_string"}}],"inLanguage":"en-US"},{"@type":"Organization","@id":"https:\/\/edizionisuigeneris.it\/#organization","name":"SuiGeneris","url":"https:\/\/edizionisuigeneris.it\/","logo":{"@type":"ImageObject","inLanguage":"en-US","@id":"https:\/\/edizionisuigeneris.it\/#\/schema\/logo\/image\/","url":"","contentUrl":"","caption":"SuiGeneris"},"image":{"@id":"https:\/\/edizionisuigeneris.it\/#\/schema\/logo\/image\/"},"sameAs":["https:\/\/www.facebook.com\/SuiGeneriseditore","https:\/\/www.instagram.com\/suigenerislibri\/"]}]}},"_links":{"self":[{"href":"https:\/\/edizionisuigeneris.it\/en\/wp-json\/wp\/v2\/product\/4031","targetHints":{"allow":["GET"]}}],"collection":[{"href":"https:\/\/edizionisuigeneris.it\/en\/wp-json\/wp\/v2\/product"}],"about":[{"href":"https:\/\/edizionisuigeneris.it\/en\/wp-json\/wp\/v2\/types\/product"}],"version-history":[{"count":0,"href":"https:\/\/edizionisuigeneris.it\/en\/wp-json\/wp\/v2\/product\/4031\/revisions"}],"wp:featuredmedia":[{"embeddable":true,"href":"https:\/\/edizionisuigeneris.it\/en\/wp-json\/wp\/v2\/media\/4737"}],"wp:attachment":[{"href":"https:\/\/edizionisuigeneris.it\/en\/wp-json\/wp\/v2\/media?parent=4031"}],"wp:term":[{"taxonomy":"product_brand","embeddable":true,"href":"https:\/\/edizionisuigeneris.it\/en\/wp-json\/wp\/v2\/product_brand?post=4031"},{"taxonomy":"product_cat","embeddable":true,"href":"https:\/\/edizionisuigeneris.it\/en\/wp-json\/wp\/v2\/product_cat?post=4031"},{"taxonomy":"product_tag","embeddable":true,"href":"https:\/\/edizionisuigeneris.it\/en\/wp-json\/wp\/v2\/product_tag?post=4031"},{"taxonomy":"collana","embeddable":true,"href":"https:\/\/edizionisuigeneris.it\/en\/wp-json\/wp\/v2\/collana?post=4031"},{"taxonomy":"genere_letterario","embeddable":true,"href":"https:\/\/edizionisuigeneris.it\/en\/wp-json\/wp\/v2\/genere_letterario?post=4031"}],"curies":[{"name":"wp","href":"https:\/\/api.w.org\/{rel}","templated":true}]}}