{"id":4044,"date":"2025-07-11T10:18:07","date_gmt":"2025-07-11T08:18:07","guid":{"rendered":"https:\/\/edizionisuigeneris.it\/prodotto\/prof-k-e-la-scoperta-della-bellezza-il\/"},"modified":"2026-02-23T15:37:13","modified_gmt":"2026-02-23T14:37:13","slug":"prof-k-e-la-scoperta-della-bellezza","status":"publish","type":"product","link":"https:\/\/edizionisuigeneris.it\/en\/product\/prof-k-e-la-scoperta-della-bellezza\/","title":{"rendered":"Il Prof K. e la scoperta della bellezza"},"content":{"rendered":"<p>Qualcuno doveva aver calunniato Immanuel K., perch\u00e9 senza che avesse fatto niente di male, una mattina fu arrestato. Cos\u00ec, come il Processo di Kafka, potrebbe incominciare questo processo di Kant, in cui il giudice (perch\u00e9 questo \u00e8 il significato di Critica, delle tre Critiche, che sono altrettanti giudizi) viene giudicato. I testimoni a carico sono le creature del pensiero che abitano i libri di Kant: l\u2019intelletto e l\u2019immaginazione, il bello e il sublime, gli incubi dei lettori che diventano giudici dell\u2019autore. E, questa volta non come Josef K, ma come il professore dell\u2019Angelo Azzurro (che per inciso di nome faceva Immanuel) viene salvato, invece che perduto, dalla bellezza.<\/p>\n<p>Quarta di copertina di Maurizio Ferraris<\/p>","protected":false},"excerpt":{"rendered":"<p>Un romanzo filosofico in cui Immanuel Kant \u00e8 protagonista di un processo immaginario. Le sue idee \u2014 il bello, il sublime, l\u2019intelletto, l\u2019immaginazione \u2014 diventano personaggi, testimoni e giudici. Emanuele Rainone trasforma la critica kantiana in una narrazione viva, sospesa tra pensiero e finzione, dove la filosofia si legge come letteratura.<\/p>","protected":false},"featured_media":4711,"template":"","meta":{"_acf_changed":false},"product_brand":[],"product_cat":[283,281,15],"product_tag":[320],"collana":[235],"genere_letterario":[315],"class_list":{"0":"post-4044","1":"product","2":"type-product","3":"status-publish","4":"has-post-thumbnail","6":"product_cat-filosofia","7":"product_cat-libri","8":"product_cat-senza-categoria","9":"product_tag-romanzo","10":"collana-pierre-dumayet","11":"genere_letterario-romanzo","13":"first","14":"instock","15":"taxable","16":"shipping-taxable","17":"purchasable","18":"product-type-simple"},"acf":[],"yoast_head":"<!-- This site is optimized with the Yoast SEO plugin v27.6 - https:\/\/yoast.com\/product\/yoast-seo-wordpress\/ -->\n<title>Il Prof K. e la scoperta della bellezza - SuiGeneris Edizioni<\/title>\n<meta name=\"description\" content=\"La filosofia di Kant diventa un romanzo: idee e concetti prendono vita in un processo immaginario tra critica, giudizio e bellezza.\" \/>\n<meta name=\"robots\" content=\"index, follow, max-snippet:-1, max-image-preview:large, max-video-preview:-1\" \/>\n<link rel=\"canonical\" href=\"https:\/\/edizionisuigeneris.it\/en\/product\/prof-k-e-la-scoperta-della-bellezza\/\" \/>\n<meta property=\"og:locale\" content=\"en_US\" \/>\n<meta property=\"og:type\" content=\"article\" \/>\n<meta property=\"og:title\" content=\"Il Prof K. e la scoperta della bellezza - SuiGeneris Edizioni\" \/>\n<meta property=\"og:description\" content=\"La filosofia di Kant diventa un romanzo: idee e concetti prendono vita in un processo immaginario tra critica, giudizio e bellezza.\" \/>\n<meta property=\"og:url\" content=\"https:\/\/edizionisuigeneris.it\/en\/product\/prof-k-e-la-scoperta-della-bellezza\/\" \/>\n<meta property=\"og:site_name\" content=\"SuiGeneris Edizioni\" \/>\n<meta property=\"article:publisher\" content=\"https:\/\/www.facebook.com\/SuiGeneriseditore\" \/>\n<meta property=\"article:modified_time\" content=\"2026-02-23T14:37:13+00:00\" \/>\n<meta property=\"og:image\" content=\"https:\/\/edizionisuigeneris.it\/wp-content\/uploads\/2025\/07\/cop-prof-k-rainone.png\" \/>\n\t<meta property=\"og:image:width\" content=\"800\" \/>\n\t<meta property=\"og:image:height\" content=\"1200\" \/>\n\t<meta property=\"og:image:type\" content=\"image\/png\" \/>\n<meta name=\"twitter:card\" content=\"summary_large_image\" \/>\n<meta name=\"twitter:label1\" content=\"Est. reading time\" \/>\n\t<meta name=\"twitter:data1\" content=\"1 minute\" \/>\n<script type=\"application\/ld+json\" class=\"yoast-schema-graph\">{\"@context\":\"https:\\\/\\\/schema.org\",\"@graph\":[{\"@type\":\"WebPage\",\"@id\":\"https:\\\/\\\/edizionisuigeneris.it\\\/prodotto\\\/prof-k-e-la-scoperta-della-bellezza\\\/\",\"url\":\"https:\\\/\\\/edizionisuigeneris.it\\\/prodotto\\\/prof-k-e-la-scoperta-della-bellezza\\\/\",\"name\":\"Il Prof K. e la scoperta della bellezza - SuiGeneris Edizioni\",\"isPartOf\":{\"@id\":\"https:\\\/\\\/edizionisuigeneris.it\\\/#website\"},\"primaryImageOfPage\":{\"@id\":\"https:\\\/\\\/edizionisuigeneris.it\\\/prodotto\\\/prof-k-e-la-scoperta-della-bellezza\\\/#primaryimage\"},\"image\":{\"@id\":\"https:\\\/\\\/edizionisuigeneris.it\\\/prodotto\\\/prof-k-e-la-scoperta-della-bellezza\\\/#primaryimage\"},\"thumbnailUrl\":\"https:\\\/\\\/edizionisuigeneris.it\\\/wp-content\\\/uploads\\\/2025\\\/07\\\/cop-prof-k-rainone.png\",\"datePublished\":\"2025-07-11T08:18:07+00:00\",\"dateModified\":\"2026-02-23T14:37:13+00:00\",\"description\":\"La filosofia di Kant diventa un romanzo: idee e concetti prendono vita in un processo immaginario tra critica, giudizio e bellezza.\",\"breadcrumb\":{\"@id\":\"https:\\\/\\\/edizionisuigeneris.it\\\/prodotto\\\/prof-k-e-la-scoperta-della-bellezza\\\/#breadcrumb\"},\"inLanguage\":\"en-US\",\"potentialAction\":[{\"@type\":\"ReadAction\",\"target\":[\"https:\\\/\\\/edizionisuigeneris.it\\\/prodotto\\\/prof-k-e-la-scoperta-della-bellezza\\\/\"]}]},{\"@type\":\"ImageObject\",\"inLanguage\":\"en-US\",\"@id\":\"https:\\\/\\\/edizionisuigeneris.it\\\/prodotto\\\/prof-k-e-la-scoperta-della-bellezza\\\/#primaryimage\",\"url\":\"https:\\\/\\\/edizionisuigeneris.it\\\/wp-content\\\/uploads\\\/2025\\\/07\\\/cop-prof-k-rainone.png\",\"contentUrl\":\"https:\\\/\\\/edizionisuigeneris.it\\\/wp-content\\\/uploads\\\/2025\\\/07\\\/cop-prof-k-rainone.png\",\"width\":800,\"height\":1200},{\"@type\":\"BreadcrumbList\",\"@id\":\"https:\\\/\\\/edizionisuigeneris.it\\\/prodotto\\\/prof-k-e-la-scoperta-della-bellezza\\\/#breadcrumb\",\"itemListElement\":[{\"@type\":\"ListItem\",\"position\":1,\"name\":\"HOME\",\"item\":\"https:\\\/\\\/edizionisuigeneris.it\\\/\"},{\"@type\":\"ListItem\",\"position\":2,\"name\":\"Catalogo\",\"item\":\"https:\\\/\\\/edizionisuigeneris.it\\\/catalogo\\\/\"},{\"@type\":\"ListItem\",\"position\":3,\"name\":\"Il Prof K. e la scoperta della bellezza\"}]},{\"@type\":\"WebSite\",\"@id\":\"https:\\\/\\\/edizionisuigeneris.it\\\/#website\",\"url\":\"https:\\\/\\\/edizionisuigeneris.it\\\/\",\"name\":\"SuiGeneris\",\"description\":\"Casa editrice indipendente di Torino\",\"publisher\":{\"@id\":\"https:\\\/\\\/edizionisuigeneris.it\\\/#organization\"},\"potentialAction\":[{\"@type\":\"SearchAction\",\"target\":{\"@type\":\"EntryPoint\",\"urlTemplate\":\"https:\\\/\\\/edizionisuigeneris.it\\\/?s={search_term_string}\"},\"query-input\":{\"@type\":\"PropertyValueSpecification\",\"valueRequired\":true,\"valueName\":\"search_term_string\"}}],\"inLanguage\":\"en-US\"},{\"@type\":\"Organization\",\"@id\":\"https:\\\/\\\/edizionisuigeneris.it\\\/#organization\",\"name\":\"SuiGeneris\",\"url\":\"https:\\\/\\\/edizionisuigeneris.it\\\/\",\"logo\":{\"@type\":\"ImageObject\",\"inLanguage\":\"en-US\",\"@id\":\"https:\\\/\\\/edizionisuigeneris.it\\\/#\\\/schema\\\/logo\\\/image\\\/\",\"url\":\"\",\"contentUrl\":\"\",\"caption\":\"SuiGeneris\"},\"image\":{\"@id\":\"https:\\\/\\\/edizionisuigeneris.it\\\/#\\\/schema\\\/logo\\\/image\\\/\"},\"sameAs\":[\"https:\\\/\\\/www.facebook.com\\\/SuiGeneriseditore\",\"https:\\\/\\\/www.instagram.com\\\/suigenerislibri\\\/\"]}]}<\/script>\n<!-- \/ Yoast SEO plugin. -->","yoast_head_json":{"title":"Il Prof K. e la scoperta della bellezza - SuiGeneris Edizioni","description":"La filosofia di Kant diventa un romanzo: idee e concetti prendono vita in un processo immaginario tra critica, giudizio e bellezza.","robots":{"index":"index","follow":"follow","max-snippet":"max-snippet:-1","max-image-preview":"max-image-preview:large","max-video-preview":"max-video-preview:-1"},"canonical":"https:\/\/edizionisuigeneris.it\/en\/product\/prof-k-e-la-scoperta-della-bellezza\/","og_locale":"en_US","og_type":"article","og_title":"Il Prof K. e la scoperta della bellezza - SuiGeneris Edizioni","og_description":"La filosofia di Kant diventa un romanzo: idee e concetti prendono vita in un processo immaginario tra critica, giudizio e bellezza.","og_url":"https:\/\/edizionisuigeneris.it\/en\/product\/prof-k-e-la-scoperta-della-bellezza\/","og_site_name":"SuiGeneris Edizioni","article_publisher":"https:\/\/www.facebook.com\/SuiGeneriseditore","article_modified_time":"2026-02-23T14:37:13+00:00","og_image":[{"width":800,"height":1200,"url":"https:\/\/edizionisuigeneris.it\/wp-content\/uploads\/2025\/07\/cop-prof-k-rainone.png","type":"image\/png"}],"twitter_card":"summary_large_image","twitter_misc":{"Est. reading time":"1 minute"},"schema":{"@context":"https:\/\/schema.org","@graph":[{"@type":"WebPage","@id":"https:\/\/edizionisuigeneris.it\/prodotto\/prof-k-e-la-scoperta-della-bellezza\/","url":"https:\/\/edizionisuigeneris.it\/prodotto\/prof-k-e-la-scoperta-della-bellezza\/","name":"Il Prof K. e la scoperta della bellezza - SuiGeneris Edizioni","isPartOf":{"@id":"https:\/\/edizionisuigeneris.it\/#website"},"primaryImageOfPage":{"@id":"https:\/\/edizionisuigeneris.it\/prodotto\/prof-k-e-la-scoperta-della-bellezza\/#primaryimage"},"image":{"@id":"https:\/\/edizionisuigeneris.it\/prodotto\/prof-k-e-la-scoperta-della-bellezza\/#primaryimage"},"thumbnailUrl":"https:\/\/edizionisuigeneris.it\/wp-content\/uploads\/2025\/07\/cop-prof-k-rainone.png","datePublished":"2025-07-11T08:18:07+00:00","dateModified":"2026-02-23T14:37:13+00:00","description":"La filosofia di Kant diventa un romanzo: idee e concetti prendono vita in un processo immaginario tra critica, giudizio e bellezza.","breadcrumb":{"@id":"https:\/\/edizionisuigeneris.it\/prodotto\/prof-k-e-la-scoperta-della-bellezza\/#breadcrumb"},"inLanguage":"en-US","potentialAction":[{"@type":"ReadAction","target":["https:\/\/edizionisuigeneris.it\/prodotto\/prof-k-e-la-scoperta-della-bellezza\/"]}]},{"@type":"ImageObject","inLanguage":"en-US","@id":"https:\/\/edizionisuigeneris.it\/prodotto\/prof-k-e-la-scoperta-della-bellezza\/#primaryimage","url":"https:\/\/edizionisuigeneris.it\/wp-content\/uploads\/2025\/07\/cop-prof-k-rainone.png","contentUrl":"https:\/\/edizionisuigeneris.it\/wp-content\/uploads\/2025\/07\/cop-prof-k-rainone.png","width":800,"height":1200},{"@type":"BreadcrumbList","@id":"https:\/\/edizionisuigeneris.it\/prodotto\/prof-k-e-la-scoperta-della-bellezza\/#breadcrumb","itemListElement":[{"@type":"ListItem","position":1,"name":"HOME","item":"https:\/\/edizionisuigeneris.it\/"},{"@type":"ListItem","position":2,"name":"Catalogo","item":"https:\/\/edizionisuigeneris.it\/catalogo\/"},{"@type":"ListItem","position":3,"name":"Il Prof K. e la scoperta della bellezza"}]},{"@type":"WebSite","@id":"https:\/\/edizionisuigeneris.it\/#website","url":"https:\/\/edizionisuigeneris.it\/","name":"SuiGeneris","description":"Casa editrice indipendente di Torino","publisher":{"@id":"https:\/\/edizionisuigeneris.it\/#organization"},"potentialAction":[{"@type":"SearchAction","target":{"@type":"EntryPoint","urlTemplate":"https:\/\/edizionisuigeneris.it\/?s={search_term_string}"},"query-input":{"@type":"PropertyValueSpecification","valueRequired":true,"valueName":"search_term_string"}}],"inLanguage":"en-US"},{"@type":"Organization","@id":"https:\/\/edizionisuigeneris.it\/#organization","name":"SuiGeneris","url":"https:\/\/edizionisuigeneris.it\/","logo":{"@type":"ImageObject","inLanguage":"en-US","@id":"https:\/\/edizionisuigeneris.it\/#\/schema\/logo\/image\/","url":"","contentUrl":"","caption":"SuiGeneris"},"image":{"@id":"https:\/\/edizionisuigeneris.it\/#\/schema\/logo\/image\/"},"sameAs":["https:\/\/www.facebook.com\/SuiGeneriseditore","https:\/\/www.instagram.com\/suigenerislibri\/"]}]}},"_links":{"self":[{"href":"https:\/\/edizionisuigeneris.it\/en\/wp-json\/wp\/v2\/product\/4044","targetHints":{"allow":["GET"]}}],"collection":[{"href":"https:\/\/edizionisuigeneris.it\/en\/wp-json\/wp\/v2\/product"}],"about":[{"href":"https:\/\/edizionisuigeneris.it\/en\/wp-json\/wp\/v2\/types\/product"}],"version-history":[{"count":0,"href":"https:\/\/edizionisuigeneris.it\/en\/wp-json\/wp\/v2\/product\/4044\/revisions"}],"wp:featuredmedia":[{"embeddable":true,"href":"https:\/\/edizionisuigeneris.it\/en\/wp-json\/wp\/v2\/media\/4711"}],"wp:attachment":[{"href":"https:\/\/edizionisuigeneris.it\/en\/wp-json\/wp\/v2\/media?parent=4044"}],"wp:term":[{"taxonomy":"product_brand","embeddable":true,"href":"https:\/\/edizionisuigeneris.it\/en\/wp-json\/wp\/v2\/product_brand?post=4044"},{"taxonomy":"product_cat","embeddable":true,"href":"https:\/\/edizionisuigeneris.it\/en\/wp-json\/wp\/v2\/product_cat?post=4044"},{"taxonomy":"product_tag","embeddable":true,"href":"https:\/\/edizionisuigeneris.it\/en\/wp-json\/wp\/v2\/product_tag?post=4044"},{"taxonomy":"collana","embeddable":true,"href":"https:\/\/edizionisuigeneris.it\/en\/wp-json\/wp\/v2\/collana?post=4044"},{"taxonomy":"genere_letterario","embeddable":true,"href":"https:\/\/edizionisuigeneris.it\/en\/wp-json\/wp\/v2\/genere_letterario?post=4044"}],"curies":[{"name":"wp","href":"https:\/\/api.w.org\/{rel}","templated":true}]}}